{"id":6681,"date":"2021-02-02T17:49:12","date_gmt":"2021-02-02T16:49:12","guid":{"rendered":"https:\/\/www.languagepoint.eu\/?page_id=6681"},"modified":"2021-03-30T12:55:16","modified_gmt":"2021-03-30T10:55:16","slug":"arabic-courses","status":"publish","type":"page","link":"https:\/\/www.languagepoint.eu\/en\/language-courses\/arabic-courses\/","title":{"rendered":"Arabic courses"},"content":{"rendered":"<p>[vc_row full_width=&#8221;stretch_row&#8221; css_animation=&#8221;none&#8221; css=&#8221;.vc_custom_1604737988721{background-image: url(https:\/\/www.languagepoint.eu\/wp-content\/uploads\/2020\/10\/corsi-di-arabo_Egitto_La-Sfinge_pexels-rene-asmussen-2482333-scaled.jpg?id=4366) !important;background-position: center !important;background-repeat: no-repeat !important;background-size: cover !important;}&#8221; el_class=&#8221;main-row main_hero_row&#8221;][vc_column parallax=&#8221;content-moving-fade&#8221; parallax_image=&#8221;4370&#8243; css_animation=&#8221;none&#8221; css=&#8221;.vc_custom_1610111398802{background-color: rgba(0,0,0,0.3) !important;background-position: center !important;background-repeat: no-repeat !important;background-size: cover !important;*background-color: rgb(0,0,0) !important;}&#8221; el_class=&#8221;wrap-image&#8221;][\/vc_column][\/vc_row][vc_row][vc_column][vc_row_inner][vc_column_inner el_class=&#8221;main_hero_content white_here_content&#8221;][vc_column_text]<\/p>\n<h1>Arabic courses<\/h1>\n<h1>\u0623\u0647\u0652\u0644\u0627\u064b \u0648\u064e\u0633\u064e\u0647\u0652\u0644\u0627\u064b<\/h1>\n<p><a class=\"cta\" href=\"https:\/\/www.languagepoint.eu\/en\/contacts\/\">Contact our offices &gt;<\/a>[\/vc_column_text][\/vc_column_inner][\/vc_row_inner][\/vc_column][\/vc_row][vc_row][vc_column][vc_column_text]        <div class=\"breadcrumb-container theme1\">\r\n                    <ul>\r\n                    <\/ul>\r\n            <script type=\"application\/ld+json\">\r\n        {\r\n            \"@context\": \"http:\/\/schema.org\",\r\n            \"@type\": \"BreadcrumbList\",\r\n            \"itemListElement\":\r\n            [\r\n                            ]\r\n        }\r\n    <\/script>\r\n        <style type=\"text\/css\">\r\n        .breadcrumb-container {\r\n            font-size: 13px;\r\n        }\r\n        .breadcrumb-container ul {\r\n            margin: 0;\r\n            padding: 0;\r\n        }\r\n        .breadcrumb-container li {\r\n            box-sizing: unset;\r\n            display: inline-block;\r\n            margin: 0;\r\n            padding: 0;\r\n        }\r\n        .breadcrumb-container li a {\r\n            box-sizing: unset;\r\n            padding: 0 10px;\r\n        }\r\n        .breadcrumb-container {\r\n            font-size: 14px  !important;\r\n            padding: ;\r\n            margin: ;\r\n        }\r\n        .breadcrumb-container li a{\r\n            color:    !important;\r\n            font-size:  14px  !important;\r\n            line-height:  14px  !important;\r\n        }\r\n        .breadcrumb-container li .separator {\r\n            color: #000  !important;\r\n            font-size:  14px  !important;\r\n        }\r\n                    .breadcrumb-container li:last-child .separator {\r\n                display: none;\r\n            }\r\n                <\/style>\r\n        <style type=\"text\/css\">\r\n        .breadcrumb-container.theme1 li {\r\n            margin: 0;\r\n            padding: 0;\r\n        }\r\n        .breadcrumb-container.theme1 a {\r\n            background: ;\r\n            display: inline-block;\r\n            margin: 0 5px;\r\n            padding: 5px 10px;\r\n            text-decoration: none;\r\n        }\r\n    <\/style>\r\n        <style type=\"text\/css\">\r\n        .breadcrumb-container{}\r\n.breadcrumb-container ul{\r\n\tpadding-left: 0px !important\r\n}\r\n.breadcrumb-container li {\r\n    opacity: 0.5;\r\n}\r\n.breadcrumb-container li:last-of-type {\r\n    opacity: 1;\r\n}\r\n.breadcrumb-container a{\r\n     margin: 0px !important;\r\n\t padding: 5px 5px 5px 0px !important;\r\n}\r\n.breadcrumb-container .separator{}    <\/style>\r\n    <script>\r\n            <\/script>\r\n            <\/div>\r\n        [\/vc_column_text][vc_column_text css_animation=&#8221;fadeInUp&#8221; css=&#8221;.vc_custom_1613743988912{padding-top: 30px !important;padding-bottom: 30px !important;}&#8221;]<\/p>\n<h2>Choose to attend an Arabic course with an innovative method.<\/h2>\n<p>With Language Point\u2019s training offer, Arabic won\u2019t be a problem anymore. You have the chance to learn the language with native and bilingual professionals, qualified and experienced.<\/p>\n<p>Every course is structured according to the age and the objectives. Choose the course tailored to your needs and start learning without effort.[\/vc_column_text][\/vc_column][\/vc_row][vc_row css_animation=&#8221;fadeInUp&#8221; el_class=&#8221;row_grid_img_alt&#8221; css=&#8221;.vc_custom_1602859970382{padding-top: 20px !important;}&#8221;][vc_column width=&#8221;1\/3&#8243; el_class=&#8221;col_grid_img_tall&#8221;][vc_column_text css=&#8221;.vc_custom_1603643508735{background-image: url(https:\/\/languagepoint.eu\/wp-content\/uploads\/2020\/10\/corsi-di-farsi_Iran_omid-armin-Z4YEWYlD-tY-unsplash-scaled.jpg?id=4373) !important;background-position: center !important;background-repeat: no-repeat !important;background-size: cover !important;}&#8221;][\/vc_column_text][\/vc_column][vc_column width=&#8221;1\/3&#8243; el_class=&#8221;col_grid_img_half&#8221;][vc_column_text css=&#8221;.vc_custom_1603990542280{background-image: url(https:\/\/www.languagepoint.eu\/wp-content\/uploads\/2020\/10\/corsi-di-arabo_jose-aljovin-JZMdGltAHMo-unsplash-scaled.jpg?id=4469) !important;background-position: center !important;background-repeat: no-repeat !important;background-size: cover !important;}&#8221;][\/vc_column_text][vc_column_text css=&#8221;.vc_custom_1602152005237{background-image: url(https:\/\/languagepoint.eu\/wp-content\/uploads\/2020\/10\/pexels-photo-2215787.jpeg?id=3471) !important;background-position: center !important;background-repeat: no-repeat !important;background-size: cover !important;}&#8221;][\/vc_column_text][\/vc_column][vc_column width=&#8221;1\/3&#8243; el_class=&#8221;col_text_grid_img_alt&#8221;][vc_column_text css_animation=&#8221;none&#8221;]<\/p>\n<h2>Why you will like learning Arabic with Language Point<\/h2>\n<p>&nbsp;<\/p>\n<h4>INNOVATIVE SOLUTIONS:<\/h4>\n<p>a continuous commitment to innovation and systems to simplify work.<\/p>\n<h4>A UNIQUE INTERLOCUTOR:<\/h4>\n<p>our Managers coordinate training activities and various linguistic services, interfacing with the customer and managing, also in outsourcing, personalized work flows. An exercise constantly extended to monitoring and controlling quality.<\/p>\n<h4>QUALIFIED TEACHERS FOR ALL LANGUAGES and PROFESSIONALS<\/h4>\n<p>with a Master\u2019s degree, teaching Qualification and area skills, constant training and expert use of management systems and Office.<\/p>\n<h4>METHODOLOGIES AND PROJECT SOLUTIONS:<\/h4>\n<p>to reduce time and costs.<\/p>\n<h4>INTERNATIONAL PARTNERSHIPS<\/h4>\n<p>to increase the value of competence and collaboration.[\/vc_column_text][\/vc_column][\/vc_row][vc_row el_class=&#8221;row_img2_3_text&#8221; css=&#8221;.vc_custom_1601974527226{padding-top: 70px !important;}&#8221;][vc_column width=&#8221;2\/3&#8243; el_class=&#8221;col_icon_image&#8221;][vc_column_text css_animation=&#8221;fadeInUp&#8221;]<\/p>\n<h3>Infrastructures<\/h3>\n<p>[\/vc_column_text][vc_column_text css_animation=&#8221;fadeInUp&#8221;]<\/p>\n<div><img loading=\"lazy\" class=\"alignnone size-full wp-image-387\" src=\"\/wp-content\/uploads\/2020\/07\/1.png\" alt=\"\" width=\"100\" height=\"100\" \/><br \/>\nFree<br \/>\nWiFi<\/div>\n<div><img loading=\"lazy\" class=\"alignnone size-full wp-image-388\" src=\"\/wp-content\/uploads\/2020\/07\/2.png\" alt=\"\" width=\"100\" height=\"100\" \/><br \/>\nCoffee<br \/>\nmachine<\/div>\n<div><img loading=\"lazy\" class=\"alignnone wp-image-389 size-full\" src=\"\/wp-content\/uploads\/2020\/07\/3.png\" alt=\"\" width=\"100\" height=\"100\" \/><br \/>\nComputer<br \/>\naccess<\/div>\n<div><img loading=\"lazy\" class=\"alignnone wp-image-390 size-full\" src=\"\/wp-content\/uploads\/2020\/07\/4.png\" alt=\"\" width=\"100\" height=\"100\" \/><br \/>\nLibrary<\/div>\n<div><img loading=\"lazy\" class=\"alignnone wp-image-391 size-full\" src=\"\/wp-content\/uploads\/2020\/07\/5.png\" alt=\"\" width=\"100\" height=\"100\" \/><br \/>\nPark in front<br \/>\nof our Centre<\/div>\n<div><img loading=\"lazy\" class=\"alignnone size-full wp-image-388\" src=\"\/wp-content\/uploads\/2020\/07\/2.png\" alt=\"\" width=\"100\" height=\"100\" \/><br \/>\nSelf-study<br \/>\narea<\/div>\n<div><img loading=\"lazy\" class=\"alignnone wp-image-393 size-full\" src=\"\/wp-content\/uploads\/2020\/07\/7.png\" alt=\"\" width=\"100\" height=\"100\" \/><br \/>\nAccess for<br \/>\ndisabled people<\/div>\n<p>[\/vc_column_text][\/vc_column][vc_column width=&#8221;1\/3&#8243; css=&#8221;.vc_custom_1601974755896{background-position: center !important;background-repeat: no-repeat !important;background-size: cover !important;}&#8221;][vc_column_text css_animation=&#8221;fadeInUp&#8221; el_class=&#8221;big_cta_text&#8221; css=&#8221;.vc_custom_1612285337313{background-image: url(https:\/\/languagepoint.eu\/wp-content\/uploads\/2020\/09\/corsi-di-inglese-La-nostra-ottima-posizione_jake-davies-LPEhUaiNV1o-unsplash.jpg?id=2110) !important;background-position: center !important;background-repeat: no-repeat !important;background-size: cover !important;}&#8221;]<\/p>\n<h2><a href=\"https:\/\/www.google.it\/maps\/place\/Language+Point\/@45.48366,9.2170313,17z\/data=!3m1!4b1!4m5!3m4!1s0x4786c6ef52e3827f:0xe0483a0ab6499138!8m2!3d45.48366!4d9.21922\">Discover our great location<\/a><\/h2>\n<p>[\/vc_column_text][\/vc_column][\/vc_row][vc_row css=&#8221;.vc_custom_1594105274853{padding-top: 20px !important;}&#8221;][vc_column][vc_column_text css_animation=&#8221;fadeInUp&#8221;]<\/p>\n<h2>Arabic courses<\/h2>\n<h3>\u0623\u0647\u0652\u0644\u0627\u064b \u0648\u064e\u0633\u064e\u0647\u0652\u0644\u0627\u064b<\/h3>\n<p>We often hear of literary Arabic and vulgar Arabic, but the distinction is somewhat imprecise. There are in fact Arabic dialects, which differ from region to region but share a common origin that is evident in the writing of literary Arabic. From the shores of the Atlantic to those of the Persian Gulf, literary Arabic is unique and still constitutes the most powerful glue that unifies the irrepressible Arab-Muslim nationalisms that still make the Koran, the sacred book of Muslims written in Arabic, the magnetic centre of convergence of inter-Islamic action.<\/p>\n<p>Arabic was originally one of the many Semitic dialects of the Arabian Peninsula and along with Hebrew (\u05e2\u05d1\u05e8\u05d9\u05ea, ivrit) and Amharic (\u12a0\u121b\u122d\u129b \u0101mari\u00f1\u00f1\u0101) &#8211; the official language of Ethiopia &#8211; was counted among the languages \u200b\u200bof the great civilizations of humanity: Assyrian-Babylonian, Phoenician, Islamic.<\/p>\n<p>Our Arabic courses, in-house or distance, prepare you to reach all levels of language knowledge with highly qualified mother tongue or bilingual teachers.<\/p>\n<p><a href=\"https:\/\/languagepoint.eu\/en\/contatti\/\"> Contact us for more information<\/a>\u00a0&gt;[\/vc_column_text][\/vc_column][\/vc_row][vc_row css=&#8221;.vc_custom_1594105274853{padding-top: 20px !important;}&#8221;][vc_column width=&#8221;1\/3&#8243;][vc_single_image image=&#8221;4479&#8243; img_size=&#8221;600&#215;490&#8243;][vc_column_text]<\/p>\n<h4>Individual courses<\/h4>\n<h6><a href=\"https:\/\/languagepoint.eu\/en\/contatti\/\">Contact us &gt;<\/a><\/h6>\n<p>[\/vc_column_text][\/vc_column][vc_column width=&#8221;1\/3&#8243;][vc_single_image image=&#8221;4477&#8243; img_size=&#8221;600&#215;490&#8243;][vc_column_text]<\/p>\n<h4>Group courses<\/h4>\n<h6><a href=\"https:\/\/www.languagepoint.eu\/en\/contacts\/\">Contact us &gt;<\/a><\/h6>\n<p>[\/vc_column_text][\/vc_column][vc_column width=&#8221;1\/3&#8243;][vc_single_image image=&#8221;4474&#8243; img_size=&#8221;600&#215;490&#8243;][vc_column_text]<\/p>\n<h4>Blended Courses<\/h4>\n<h6><a href=\"https:\/\/languagepoint.eu\/en\/contatti\/\">Contact Us &gt;<\/a><\/h6>\n<p>[\/vc_column_text][\/vc_column][\/vc_row][vc_row css=&#8221;.vc_custom_1594105274853{padding-top: 20px !important;}&#8221;][vc_column][\/vc_column][\/vc_row][vc_row el_class=&#8221;row_bk_lx_img_grid_text_orange row_left_1_3 fix_height_match&#8221;][vc_column el_class=&#8221;block_1 block_altre_lingue&#8221;][vc_single_image image=&#8221;4482&#8243; img_size=&#8221;1720&#215;570&#8243; el_class=&#8221;image&#8221;][vc_column_text css_animation=&#8221;none&#8221; css=&#8221;.vc_custom_1612285208106{padding-top: 30px !important;padding-bottom: 30px !important;}&#8221; el_class=&#8221;caption&#8221;]<\/p>\n<h2>Four good reasons to learn Arabic<\/h2>\n<ul>\n<li>\n<h5>It is the third most widespread language in the world, with 220 million native speakers;<\/h5>\n<\/li>\n<li>\n<h5>Arabic boasts a centuries-old tradition as a language of liturgy, literature and science;<\/h5>\n<\/li>\n<li>\n<h5>In recent years, geopolitical events have made dialogue with the Arab world fundamental, which, among other things, has always had one of the fundamental resources for Western economies, oil;<\/h5>\n<\/li>\n<li>\n<h5>Studying Egyptian Arabic can prove to be successful for work, trade and the economy of many Mediterranean countries and especially Italy where it is now present as a language of immigration.<\/h5>\n<\/li>\n<\/ul>\n<p>[\/vc_column_text][\/vc_column][\/vc_row][vc_row][vc_column][vc_column_text css_animation=&#8221;fadeInUp&#8221; css=&#8221;.vc_custom_1616756531118{padding-top: 30px !important;padding-bottom: 0px !important;}&#8221;]<a href=\"https:\/\/www.languagepoint.eu\/en\/contacts\/\">Contact us for more information<\/a>\u00a0&gt;[\/vc_column_text][\/vc_column][\/vc_row][vc_row][vc_column][vc_empty_space][vc_empty_space][vc_column_text css_animation=&#8221;none&#8221;]<\/p>\n<h2><strong>Language Point news, promotions, events<\/strong><\/h2>\n<p><strong>Stay up to date with our news and promotions. Follow us also on social networks.<\/strong>[\/vc_column_text][vc_basic_grid post_type=&#8221;post&#8221; max_items=&#8221;4&#8243; element_width=&#8221;3&#8243; initial_loading_animation=&#8221;fadeInUp&#8221; grid_id=&#8221;vc_gid:1616756485522-ddb79bad-e9c9-6&#8243;][\/vc_column][vc_column][\/vc_column][vc_column][\/vc_column][vc_column][\/vc_column][vc_column][\/vc_column][vc_column][\/vc_column][\/vc_row]<\/p>\n","protected":false},"excerpt":{"rendered":"<p>[vc_row full_width=&#8221;stretch_row&#8221; css_animation=&#8221;none&#8221; css=&#8221;.vc_custom_1604737988721{background-image: url(https:\/\/www.languagepoint.eu\/wp-content\/uploads\/2020\/10\/corsi-di-arabo_Egitto_La-Sfinge_pexels-rene-asmussen-2482333-scaled.jpg?id=4366) !important;background-position: center !important;background-repeat: no-repeat !important;background-size: cover !important;}&#8221; el_class=&#8221;main-row main_hero_row&#8221;][vc_column parallax=&#8221;content-moving-fade&#8221; parallax_image=&#8221;4370&#8243; css_animation=&#8221;none&#8221; css=&#8221;.vc_custom_1610111398802{background-color: rgba(0,0,0,0.3) !important;background-position: center !important;background-repeat: no-repeat !important;background-size: cover !important;*background-color: rgb(0,0,0) !important;}&#8221; el_class=&#8221;wrap-image&#8221;][\/vc_column][\/vc_row][vc_row][vc_column][vc_row_inner][vc_column_inner el_class=&#8221;main_hero_content [&hellip;]<\/p>\n","protected":false},"author":1,"featured_media":0,"parent":6969,"menu_order":0,"comment_status":"closed","ping_status":"closed","template":"pagina-corsi.php","meta":[],"yoast_head":"<!-- This site is optimized with the Yoast SEO plugin v15.3 - https:\/\/yoast.com\/wordpress\/plugins\/seo\/ -->\n<title>Middle Eastern Languages - Arabic | Language Point, Milan<\/title>\n<meta name=\"description\" content=\"Discover the Arabic language and culture with one of our one-to-one or group courses, with experienced native speakers or bilingual teachers.\" \/>\n<meta name=\"robots\" content=\"index, follow, max-snippet:-1, max-image-preview:large, max-video-preview:-1\" \/>\n<link rel=\"canonical\" href=\"https:\/\/www.languagepoint.eu\/en\/language-courses\/arabic-courses\/\" \/>\n<meta property=\"og:locale\" content=\"en_US\" \/>\n<meta property=\"og:type\" content=\"article\" \/>\n<meta property=\"og:title\" content=\"Middle Eastern Languages - Arabic | Language Point, Milan\" \/>\n<meta property=\"og:description\" content=\"Discover the Arabic language and culture with one of our one-to-one or group courses, with experienced native speakers or bilingual teachers.\" \/>\n<meta property=\"og:url\" content=\"https:\/\/www.languagepoint.eu\/en\/language-courses\/arabic-courses\/\" \/>\n<meta property=\"og:site_name\" content=\"Language Point\" \/>\n<meta property=\"article:publisher\" content=\"https:\/\/www.facebook.com\/Language.Point\" \/>\n<meta property=\"article:modified_time\" content=\"2021-03-30T10:55:16+00:00\" \/>\n<meta property=\"og:image\" content=\"https:\/\/www.languagepoint.eu\/wp-content\/uploads\/2020\/07\/1.png\" \/>\n<meta name=\"twitter:card\" content=\"summary_large_image\" \/>\n<meta name=\"twitter:label1\" content=\"Written by\">\n\t<meta name=\"twitter:data1\" content=\"Alvise\">\n\t<meta name=\"twitter:label2\" content=\"Est. reading time\">\n\t<meta name=\"twitter:data2\" content=\"5 minutes\">\n<script type=\"application\/ld+json\" class=\"yoast-schema-graph\">{\"@context\":\"https:\/\/schema.org\",\"@graph\":[{\"@type\":\"WebSite\",\"@id\":\"https:\/\/www.languagepoint.eu\/#website\",\"url\":\"https:\/\/www.languagepoint.eu\/\",\"name\":\"Language Point\",\"description\":\"Language Point offre servizi di qualit\\u00e0 nei settori dell&#039;insegnamento delle lingue, della formazione insegnanti, della traduzione e interpretariato.\",\"potentialAction\":[{\"@type\":\"SearchAction\",\"target\":\"https:\/\/www.languagepoint.eu\/?s={search_term_string}\",\"query-input\":\"required name=search_term_string\"}],\"inLanguage\":\"en-US\"},{\"@type\":\"ImageObject\",\"@id\":\"https:\/\/www.languagepoint.eu\/en\/language-courses\/arabic-courses\/#primaryimage\",\"inLanguage\":\"en-US\",\"url\":\"\/wp-content\/uploads\/2020\/07\/1.png\"},{\"@type\":\"WebPage\",\"@id\":\"https:\/\/www.languagepoint.eu\/en\/language-courses\/arabic-courses\/#webpage\",\"url\":\"https:\/\/www.languagepoint.eu\/en\/language-courses\/arabic-courses\/\",\"name\":\"Middle Eastern Languages - Arabic | Language Point, Milan\",\"isPartOf\":{\"@id\":\"https:\/\/www.languagepoint.eu\/#website\"},\"primaryImageOfPage\":{\"@id\":\"https:\/\/www.languagepoint.eu\/en\/language-courses\/arabic-courses\/#primaryimage\"},\"datePublished\":\"2021-02-02T16:49:12+00:00\",\"dateModified\":\"2021-03-30T10:55:16+00:00\",\"description\":\"Discover the Arabic language and culture with one of our one-to-one or group courses, with experienced native speakers or bilingual teachers.\",\"inLanguage\":\"en-US\",\"potentialAction\":[{\"@type\":\"ReadAction\",\"target\":[\"https:\/\/www.languagepoint.eu\/en\/language-courses\/arabic-courses\/\"]}]}]}<\/script>\n<!-- \/ Yoast SEO plugin. -->","_links":{"self":[{"href":"https:\/\/www.languagepoint.eu\/en\/wp-json\/wp\/v2\/pages\/6681\/"}],"collection":[{"href":"https:\/\/www.languagepoint.eu\/en\/wp-json\/wp\/v2\/pages\/"}],"about":[{"href":"https:\/\/www.languagepoint.eu\/en\/wp-json\/wp\/v2\/types\/page\/"}],"author":[{"embeddable":true,"href":"https:\/\/www.languagepoint.eu\/en\/wp-json\/wp\/v2\/users\/1\/"}],"replies":[{"embeddable":true,"href":"https:\/\/www.languagepoint.eu\/en\/wp-json\/wp\/v2\/comments\/?post=6681"}],"version-history":[{"count":9,"href":"https:\/\/www.languagepoint.eu\/en\/wp-json\/wp\/v2\/pages\/6681\/revisions\/"}],"predecessor-version":[{"id":7411,"href":"https:\/\/www.languagepoint.eu\/en\/wp-json\/wp\/v2\/pages\/6681\/revisions\/7411\/"}],"up":[{"embeddable":true,"href":"https:\/\/www.languagepoint.eu\/en\/wp-json\/wp\/v2\/pages\/6969\/"}],"wp:attachment":[{"href":"https:\/\/www.languagepoint.eu\/en\/wp-json\/wp\/v2\/media\/?parent=6681"}],"curies":[{"name":"wp","href":"https:\/\/api.w.org\/{rel}","templated":true}]}}