{"id":6749,"date":"2021-02-04T15:59:14","date_gmt":"2021-02-04T14:59:14","guid":{"rendered":"https:\/\/www.languagepoint.eu\/?page_id=6749"},"modified":"2021-03-26T17:18:16","modified_gmt":"2021-03-26T16:18:16","slug":"french-courses","status":"publish","type":"page","link":"https:\/\/www.languagepoint.eu\/en\/language-courses\/french-courses\/","title":{"rendered":"French courses"},"content":{"rendered":"<p>[vc_row full_width=&#8221;stretch_row&#8221; css_animation=&#8221;none&#8221; css=&#8221;.vc_custom_1590338110643{background-position: center !important;background-repeat: no-repeat !important;background-size: cover !important;}&#8221; el_class=&#8221;main-row main_hero_row&#8221;][vc_column parallax=&#8221;content-moving-fade&#8221; parallax_image=&#8221;3236&#8243; css_animation=&#8221;none&#8221; css=&#8221;.vc_custom_1610107137348{background-color: rgba(0,0,0,0.29) !important;background-position: center !important;background-repeat: no-repeat !important;background-size: cover !important;*background-color: rgb(0,0,0) !important;}&#8221; el_class=&#8221;wrap-image&#8221;][\/vc_column][\/vc_row][vc_row][vc_column][vc_row_inner][vc_column_inner el_class=&#8221;main_hero_content white_here_content&#8221;][vc_column_text]<\/p>\n<h1>French courses<\/h1>\n<h3><em>La libert\u00e9 commence o\u00f9 l\u2019ignorance finit. <\/em><em>(Victor Hugo)<\/em><\/h3>\n<p><a class=\"cta\" href=\"https:\/\/www.languagepoint.eu\/en\/contatti\/\">Contact our offices &gt;<\/a>[\/vc_column_text][\/vc_column_inner][\/vc_row_inner][\/vc_column][\/vc_row][vc_row][vc_column][vc_column_text]        <div class=\"breadcrumb-container theme1\">\r\n                    <ul>\r\n                    <\/ul>\r\n            <script type=\"application\/ld+json\">\r\n        {\r\n            \"@context\": \"http:\/\/schema.org\",\r\n            \"@type\": \"BreadcrumbList\",\r\n            \"itemListElement\":\r\n            [\r\n                            ]\r\n        }\r\n    <\/script>\r\n        <style type=\"text\/css\">\r\n        .breadcrumb-container {\r\n            font-size: 13px;\r\n        }\r\n        .breadcrumb-container ul {\r\n            margin: 0;\r\n            padding: 0;\r\n        }\r\n        .breadcrumb-container li {\r\n            box-sizing: unset;\r\n            display: inline-block;\r\n            margin: 0;\r\n            padding: 0;\r\n        }\r\n        .breadcrumb-container li a {\r\n            box-sizing: unset;\r\n            padding: 0 10px;\r\n        }\r\n        .breadcrumb-container {\r\n            font-size: 14px  !important;\r\n            padding: ;\r\n            margin: ;\r\n        }\r\n        .breadcrumb-container li a{\r\n            color:    !important;\r\n            font-size:  14px  !important;\r\n            line-height:  14px  !important;\r\n        }\r\n        .breadcrumb-container li .separator {\r\n            color: #000  !important;\r\n            font-size:  14px  !important;\r\n        }\r\n                    .breadcrumb-container li:last-child .separator {\r\n                display: none;\r\n            }\r\n                <\/style>\r\n        <style type=\"text\/css\">\r\n        .breadcrumb-container.theme1 li {\r\n            margin: 0;\r\n            padding: 0;\r\n        }\r\n        .breadcrumb-container.theme1 a {\r\n            background: ;\r\n            display: inline-block;\r\n            margin: 0 5px;\r\n            padding: 5px 10px;\r\n            text-decoration: none;\r\n        }\r\n    <\/style>\r\n        <style type=\"text\/css\">\r\n        .breadcrumb-container{}\r\n.breadcrumb-container ul{\r\n\tpadding-left: 0px !important\r\n}\r\n.breadcrumb-container li {\r\n    opacity: 0.5;\r\n}\r\n.breadcrumb-container li:last-of-type {\r\n    opacity: 1;\r\n}\r\n.breadcrumb-container a{\r\n     margin: 0px !important;\r\n\t padding: 5px 5px 5px 0px !important;\r\n}\r\n.breadcrumb-container .separator{}    <\/style>\r\n    <script>\r\n            <\/script>\r\n            <\/div>\r\n        [\/vc_column_text][vc_column_text css_animation=&#8221;fadeInUp&#8221; css=&#8221;.vc_custom_1613742536835{padding-top: 30px !important;padding-bottom: 30px !important;}&#8221;]<\/p>\n<h2>Choose to attend a French course with an innovative method.<\/h2>\n<p>With Language Point\u2019s training offer, French won\u2019t be a problem anymore. You have the chance to learn the language with native and bilingual professionals, qualified and experienced.<br \/>\nIf you want, you can prepare for internationally recognized Exams with a fun and stimulating methodology. You can take the examinations at Milan\u2019s Institut Fran\u00e7ais.<\/p>\n<p>Every course is structured according to the age and the objectives.<\/p>\n<p>Choose the course tailored to your needs and start learning without effort.[\/vc_column_text][\/vc_column][\/vc_row][vc_row css_animation=&#8221;fadeInUp&#8221; el_class=&#8221;row_grid_img_alt&#8221; css=&#8221;.vc_custom_1602859570655{padding-top: 20px !important;}&#8221;][vc_column width=&#8221;1\/3&#8243; el_class=&#8221;col_grid_img_tall&#8221;][vc_column_text css=&#8221;.vc_custom_1601993399877{background-image: url(https:\/\/languagepoint.eu\/wp-content\/uploads\/2020\/10\/pexels-photo-4331639-e1601993580562.jpeg?id=3238) !important;background-position: center !important;background-repeat: no-repeat !important;background-size: cover !important;}&#8221;][\/vc_column_text][\/vc_column][vc_column width=&#8221;1\/3&#8243; el_class=&#8221;col_grid_img_half&#8221;][vc_column_text css=&#8221;.vc_custom_1603121043785{background-image: url(https:\/\/languagepoint.eu\/wp-content\/uploads\/2020\/10\/corsi-di-francese_shutterstock_1683594451-scaled.jpg?id=4132) !important;background-position: center !important;background-repeat: no-repeat !important;background-size: cover !important;}&#8221;][\/vc_column_text][vc_column_text css=&#8221;.vc_custom_1603121963467{background-image: url(https:\/\/languagepoint.eu\/wp-content\/uploads\/2020\/10\/francese_corporate_shutterstock_2644062201-scaled.jpg?id=4135) !important;background-position: center !important;background-repeat: no-repeat !important;background-size: cover !important;}&#8221;][\/vc_column_text][\/vc_column][vc_column width=&#8221;1\/3&#8243; el_class=&#8221;col_text_grid_img_alt&#8221;][vc_column_text css_animation=&#8221;none&#8221;]<\/p>\n<h2>Why you will like learning French with Language Point<\/h2>\n<p>&nbsp;<\/p>\n<h4>INNOVATIVE SOLUTIONS:<\/h4>\n<p>a continuous commitment to innovation and systems to simplify work.<\/p>\n<h4>A UNIQUE INTERLOCUTOR:<\/h4>\n<p>our Managers coordinate training activities and various linguistic services, interfacing with the customer and managing, also in outsourcing, personalized work flows. An exercise constantly extended to monitoring and controlling quality.<\/p>\n<h4>QUALIFIED TEACHERS FOR ALL LANGUAGES and PROFESSIONALS:<\/h4>\n<p>with a Master\u2019s degree, teaching Qualification and area skills, constant training and expert use of management systems and Office.<\/p>\n<h4>METHODOLOGIES AND PROJECT SOLUTIONS:<\/h4>\n<p>to reduce time and costs.<\/p>\n<h4>INTERNATIONAL PARTNERSHIPS:<\/h4>\n<p>to increase the value of competence and collaboration.[\/vc_column_text][\/vc_column][\/vc_row][vc_row el_class=&#8221;row_img2_3_text&#8221; css=&#8221;.vc_custom_1601974527226{padding-top: 70px !important;}&#8221;][vc_column width=&#8221;2\/3&#8243; el_class=&#8221;col_icon_image&#8221;][vc_column_text css_animation=&#8221;fadeInUp&#8221;]<\/p>\n<h3>Infrastructures<\/h3>\n<p>[\/vc_column_text][vc_column_text css_animation=&#8221;fadeInUp&#8221;]<\/p>\n<div><img loading=\"lazy\" class=\"alignnone size-full wp-image-387\" src=\"\/wp-content\/uploads\/2020\/07\/1.png\" alt=\"\" width=\"100\" height=\"100\" \/><br \/>\nFree<br \/>\nWiFi<\/div>\n<div><img loading=\"lazy\" class=\"alignnone size-full wp-image-388\" src=\"\/wp-content\/uploads\/2020\/07\/2.png\" alt=\"\" width=\"100\" height=\"100\" \/><br \/>\nCoffee<br \/>\nmachine<\/div>\n<div><img loading=\"lazy\" class=\"alignnone wp-image-389 size-full\" src=\"\/wp-content\/uploads\/2020\/07\/3.png\" alt=\"\" width=\"100\" height=\"100\" \/><br \/>\nComputer<br \/>\naccess<\/div>\n<div><img loading=\"lazy\" class=\"alignnone wp-image-390 size-full\" src=\"\/wp-content\/uploads\/2020\/07\/4.png\" alt=\"\" width=\"100\" height=\"100\" \/><br \/>\nLibrary<\/div>\n<div><img loading=\"lazy\" class=\"alignnone wp-image-391 size-full\" src=\"\/wp-content\/uploads\/2020\/07\/5.png\" alt=\"\" width=\"100\" height=\"100\" \/><br \/>\nPark in front<br \/>\nof our Centre<\/div>\n<div><img loading=\"lazy\" class=\"alignnone size-full wp-image-388\" src=\"\/wp-content\/uploads\/2020\/07\/2.png\" alt=\"\" width=\"100\" height=\"100\" \/><br \/>\nSelf-study<br \/>\narea<\/div>\n<div><img loading=\"lazy\" class=\"alignnone wp-image-393 size-full\" src=\"\/wp-content\/uploads\/2020\/07\/7.png\" alt=\"\" width=\"100\" height=\"100\" \/><br \/>\nAccess for<br \/>\ndisabled people<\/div>\n<p>[\/vc_column_text][\/vc_column][vc_column width=&#8221;1\/3&#8243; css=&#8221;.vc_custom_1601974755896{background-position: center !important;background-repeat: no-repeat !important;background-size: cover !important;}&#8221;][vc_column_text css_animation=&#8221;fadeInUp&#8221; el_class=&#8221;big_cta_text&#8221; css=&#8221;.vc_custom_1612450943749{background-image: url(https:\/\/languagepoint.eu\/wp-content\/uploads\/2020\/09\/corsi-di-inglese-La-nostra-ottima-posizione_jake-davies-LPEhUaiNV1o-unsplash.jpg?id=2110) !important;background-position: center !important;background-repeat: no-repeat !important;background-size: cover !important;}&#8221;]<\/p>\n<h2><a href=\"https:\/\/www.google.it\/maps\/place\/Language+Point\/@45.48366,9.2170313,17z\/data=!3m1!4b1!4m5!3m4!1s0x4786c6ef52e3827f:0xe0483a0ab6499138!8m2!3d45.48366!4d9.21922\">Discover our great location<\/a><\/h2>\n<p>[\/vc_column_text][\/vc_column][\/vc_row][vc_row css=&#8221;.vc_custom_1594105274853{padding-top: 20px !important;}&#8221;][vc_column][vc_column_text css_animation=&#8221;fadeInUp&#8221;]<\/p>\n<h2>French courses<\/h2>\n<h3><em>La libert\u00e9 commence o\u00f9 l\u2019ignorance finit. <\/em><em>(Victor Hugo)<\/em><\/h3>\n<p>French is a Romance language spoken on all continents. It is the official language of the European Union, the UNO, UNESCO, NATO, OECD, the IOC and the International Red Cross, and about 30 states.<\/p>\n<p>In Italy, it plays a fairly important role, not only in terms of geographical proximity. In fact, France is the second country that imports Italian products and vice versa; there are over 800 branches of French companies in Italy and the Italian companies that work with France and vice versa are very numerous. Furthermore, in an Italian region (Valle d\u2019Aosta), French is a co-official language with Italian. Since 2010, ESABAC has also entered into force as a new educational device on both sides of the Alps to simultaneously achieve two diplomas starting from a single exam &#8211; the Italian State Exam and the French Baccalaur\u00e9at.<\/p>\n<p>Our French courses, in-house or distance, prepare you to reach all levels of language knowledge with highly qualified mother tongue or bilingual teachers.<\/p>\n<p><a href=\"https:\/\/languagepoint.eu\/en\/contatti\/\">Contact us for more information<\/a>\u00a0&gt;[\/vc_column_text][\/vc_column][\/vc_row][vc_row css=&#8221;.vc_custom_1594105274853{padding-top: 20px !important;}&#8221;][vc_column width=&#8221;1\/3&#8243;][vc_single_image image=&#8221;4147&#8243; img_size=&#8221;600&#215;490&#8243;][vc_column_text]<\/p>\n<h4>Individual courses<\/h4>\n<h6><a href=\"https:\/\/languagepoint.eu\/en\/contatti\/\">Discover &gt;<\/a><\/h6>\n<p>[\/vc_column_text][\/vc_column][vc_column width=&#8221;1\/3&#8243;][vc_single_image image=&#8221;2890&#8243; img_size=&#8221;600&#215;490&#8243;][vc_column_text]<\/p>\n<h4>Mini group courses<\/h4>\n<h6><a href=\"https:\/\/languagepoint.eu\/en\/contatti\/\">Discover &gt;<\/a><\/h6>\n<p>[\/vc_column_text][\/vc_column][vc_column width=&#8221;1\/3&#8243;][vc_single_image image=&#8221;4149&#8243; img_size=&#8221;600&#215;490&#8243;][vc_column_text]<\/p>\n<h4>Blended courses<\/h4>\n<h6><a href=\"https:\/\/languagepoint.eu\/en\/contatti\/\">Discover &gt;<\/a><\/h6>\n<p>[\/vc_column_text][\/vc_column][\/vc_row][vc_row css=&#8221;.vc_custom_1594105274853{padding-top: 20px !important;}&#8221;][vc_column][\/vc_column][\/vc_row][vc_row el_class=&#8221;row_bk_lx_img_grid_text_orange row_left_1_3 fix_height_match&#8221;][vc_column el_class=&#8221;block_1 block_altre_lingue&#8221;][vc_single_image image=&#8221;3247&#8243; img_size=&#8221;1720&#215;570&#8243; el_class=&#8221;image&#8221;][vc_column_text css_animation=&#8221;none&#8221; css=&#8221;.vc_custom_1612451215437{padding-top: 30px !important;padding-bottom: 30px !important;}&#8221; el_class=&#8221;caption&#8221;]<\/p>\n<h2>Four good reasons to learn French<\/h2>\n<ul>\n<li>\n<h5>It is among the 15 most spoken languages in the world;<\/h5>\n<\/li>\n<li>\n<h5>France is the second country that imports Italian products and vice versa;<\/h5>\n<\/li>\n<li>\n<h5>Italian companies that work with France and vice versa are very numerous;<\/h5>\n<\/li>\n<li>\n<h5>There are more than 800 branches of French companies in Italy.<\/h5>\n<\/li>\n<\/ul>\n<p>[\/vc_column_text][\/vc_column][\/vc_row][vc_row][vc_column][vc_column_text css_animation=&#8221;fadeInUp&#8221; css=&#8221;.vc_custom_1612451256399{padding-top: 30px !important;padding-bottom: 0px !important;}&#8221;]<\/p>\n<h3>Certify French<\/h3>\n<p>As with other European languages, it is possible to certify your level of competence in French through examinations DELF and DALF.<br \/>\nDELF certifications (Dipl\u00f4me d\u2019\u00e9tudes en langue fran\u00e7aise) are available for CEFR levels A1, A2, B1 and B2. For levels C1 and C2, DALF certifications are available (Dipl\u00f4me approfondi de langue fran\u00e7aise). Both DELF and DALF are promoted by Instituts Fran\u00e7ais and it is possible to take the exam in authorized venues.<\/p>\n<p>Language Point prepares students to successfully obtain French language certifications.<\/p>\n<p><a href=\"https:\/\/languagepoint.eu\/en\/contatti\/\">Contact us for more information<\/a>\u00a0&gt;[\/vc_column_text][\/vc_column][\/vc_row][vc_row][vc_column][vc_column_text css_animation=&#8221;none&#8221;]<\/p>\n<h2><strong> Language Point news, promotions, events<\/strong><\/h2>\n<p><strong> Stay up to date with our news and promotions. Follow us also on social networks.<\/strong>[\/vc_column_text][vc_basic_grid post_type=&#8221;post&#8221; max_items=&#8221;4&#8243; element_width=&#8221;3&#8243; initial_loading_animation=&#8221;fadeInUp&#8221; grid_id=&#8221;vc_gid:1613742510822-4d159e1e-04df-5&#8243;][\/vc_column][\/vc_row]<\/p>\n","protected":false},"excerpt":{"rendered":"<p>[vc_row full_width=&#8221;stretch_row&#8221; css_animation=&#8221;none&#8221; css=&#8221;.vc_custom_1590338110643{background-position: center !important;background-repeat: no-repeat !important;background-size: cover !important;}&#8221; el_class=&#8221;main-row main_hero_row&#8221;][vc_column parallax=&#8221;content-moving-fade&#8221; parallax_image=&#8221;3236&#8243; css_animation=&#8221;none&#8221; css=&#8221;.vc_custom_1610107137348{background-color: rgba(0,0,0,0.29) !important;background-position: center !important;background-repeat: no-repeat !important;background-size: cover !important;*background-color: rgb(0,0,0) !important;}&#8221; el_class=&#8221;wrap-image&#8221;][\/vc_column][\/vc_row][vc_row][vc_column][vc_row_inner][vc_column_inner el_class=&#8221;main_hero_content white_here_content&#8221;][vc_column_text] French [&hellip;]<\/p>\n","protected":false},"author":1,"featured_media":0,"parent":6969,"menu_order":0,"comment_status":"closed","ping_status":"closed","template":"pagina-corsi.php","meta":[],"yoast_head":"<!-- This site is optimized with the Yoast SEO plugin v15.3 - https:\/\/yoast.com\/wordpress\/plugins\/seo\/ -->\n<title>European Languages Courses - French | Language Point, Milan<\/title>\n<meta name=\"description\" content=\"Learn French with Language Point&#039;s qualified, native\/bilingual experienced teachers. You&#039;ll learn without effort.\" \/>\n<meta name=\"robots\" content=\"index, follow, max-snippet:-1, max-image-preview:large, max-video-preview:-1\" \/>\n<link rel=\"canonical\" href=\"https:\/\/www.languagepoint.eu\/en\/language-courses\/french-courses\/\" \/>\n<meta property=\"og:locale\" content=\"en_US\" \/>\n<meta property=\"og:type\" content=\"article\" \/>\n<meta property=\"og:title\" content=\"European Languages Courses - French | Language Point, Milan\" \/>\n<meta property=\"og:description\" content=\"Learn French with Language Point&#039;s qualified, native\/bilingual experienced teachers. You&#039;ll learn without effort.\" \/>\n<meta property=\"og:url\" content=\"https:\/\/www.languagepoint.eu\/en\/language-courses\/french-courses\/\" \/>\n<meta property=\"og:site_name\" content=\"Language Point\" \/>\n<meta property=\"article:publisher\" content=\"https:\/\/www.facebook.com\/Language.Point\" \/>\n<meta property=\"article:modified_time\" content=\"2021-03-26T16:18:16+00:00\" \/>\n<meta property=\"og:image\" content=\"https:\/\/www.languagepoint.eu\/wp-content\/uploads\/2020\/07\/1.png\" \/>\n<meta name=\"twitter:card\" content=\"summary_large_image\" \/>\n<meta name=\"twitter:label1\" content=\"Written by\">\n\t<meta name=\"twitter:data1\" content=\"Alvise\">\n\t<meta name=\"twitter:label2\" content=\"Est. reading time\">\n\t<meta name=\"twitter:data2\" content=\"5 minutes\">\n<script type=\"application\/ld+json\" class=\"yoast-schema-graph\">{\"@context\":\"https:\/\/schema.org\",\"@graph\":[{\"@type\":\"WebSite\",\"@id\":\"https:\/\/www.languagepoint.eu\/#website\",\"url\":\"https:\/\/www.languagepoint.eu\/\",\"name\":\"Language Point\",\"description\":\"Language Point offre servizi di qualit\\u00e0 nei settori dell&#039;insegnamento delle lingue, della formazione insegnanti, della traduzione e interpretariato.\",\"potentialAction\":[{\"@type\":\"SearchAction\",\"target\":\"https:\/\/www.languagepoint.eu\/?s={search_term_string}\",\"query-input\":\"required name=search_term_string\"}],\"inLanguage\":\"en-US\"},{\"@type\":\"ImageObject\",\"@id\":\"https:\/\/www.languagepoint.eu\/en\/language-courses\/french-courses\/#primaryimage\",\"inLanguage\":\"en-US\",\"url\":\"\/wp-content\/uploads\/2020\/07\/1.png\"},{\"@type\":\"WebPage\",\"@id\":\"https:\/\/www.languagepoint.eu\/en\/language-courses\/french-courses\/#webpage\",\"url\":\"https:\/\/www.languagepoint.eu\/en\/language-courses\/french-courses\/\",\"name\":\"European Languages Courses - French | Language Point, Milan\",\"isPartOf\":{\"@id\":\"https:\/\/www.languagepoint.eu\/#website\"},\"primaryImageOfPage\":{\"@id\":\"https:\/\/www.languagepoint.eu\/en\/language-courses\/french-courses\/#primaryimage\"},\"datePublished\":\"2021-02-04T14:59:14+00:00\",\"dateModified\":\"2021-03-26T16:18:16+00:00\",\"description\":\"Learn French with Language Point's qualified, native\/bilingual experienced teachers. You'll learn without effort.\",\"inLanguage\":\"en-US\",\"potentialAction\":[{\"@type\":\"ReadAction\",\"target\":[\"https:\/\/www.languagepoint.eu\/en\/language-courses\/french-courses\/\"]}]}]}<\/script>\n<!-- \/ Yoast SEO plugin. -->","_links":{"self":[{"href":"https:\/\/www.languagepoint.eu\/en\/wp-json\/wp\/v2\/pages\/6749\/"}],"collection":[{"href":"https:\/\/www.languagepoint.eu\/en\/wp-json\/wp\/v2\/pages\/"}],"about":[{"href":"https:\/\/www.languagepoint.eu\/en\/wp-json\/wp\/v2\/types\/page\/"}],"author":[{"embeddable":true,"href":"https:\/\/www.languagepoint.eu\/en\/wp-json\/wp\/v2\/users\/1\/"}],"replies":[{"embeddable":true,"href":"https:\/\/www.languagepoint.eu\/en\/wp-json\/wp\/v2\/comments\/?post=6749"}],"version-history":[{"count":8,"href":"https:\/\/www.languagepoint.eu\/en\/wp-json\/wp\/v2\/pages\/6749\/revisions\/"}],"predecessor-version":[{"id":7047,"href":"https:\/\/www.languagepoint.eu\/en\/wp-json\/wp\/v2\/pages\/6749\/revisions\/7047\/"}],"up":[{"embeddable":true,"href":"https:\/\/www.languagepoint.eu\/en\/wp-json\/wp\/v2\/pages\/6969\/"}],"wp:attachment":[{"href":"https:\/\/www.languagepoint.eu\/en\/wp-json\/wp\/v2\/media\/?parent=6749"}],"curies":[{"name":"wp","href":"https:\/\/api.w.org\/{rel}","templated":true}]}}