{"id":6787,"date":"2021-02-04T19:16:00","date_gmt":"2021-02-04T18:16:00","guid":{"rendered":"https:\/\/www.languagepoint.eu\/?page_id=6787"},"modified":"2021-03-26T17:27:18","modified_gmt":"2021-03-26T16:27:18","slug":"portuguese-courses","status":"publish","type":"page","link":"https:\/\/www.languagepoint.eu\/en\/language-courses\/portuguese-courses\/","title":{"rendered":"Portuguese courses"},"content":{"rendered":"<p>[vc_row full_width=&#8221;stretch_row&#8221; css_animation=&#8221;none&#8221; css=&#8221;.vc_custom_1590338110643{background-position: center !important;background-repeat: no-repeat !important;background-size: cover !important;}&#8221; el_class=&#8221;main-row main_hero_row&#8221;][vc_column parallax=&#8221;content-moving-fade&#8221; parallax_image=&#8221;4255&#8243; css_animation=&#8221;none&#8221; css=&#8221;.vc_custom_1610107169220{background-color: rgba(0,0,0,0.31) !important;background-position: center !important;background-repeat: no-repeat !important;background-size: cover !important;*background-color: rgb(0,0,0) !important;}&#8221; el_class=&#8221;wrap-image&#8221;][\/vc_column][\/vc_row][vc_row][vc_column][vc_row_inner][vc_column_inner el_class=&#8221;main_hero_content white_here_content&#8221;][vc_column_text]<\/p>\n<h1>Portuguese courses<\/h1>\n<h3><em>Quem conta um conto, acrescenta um ponto.<\/em><\/h3>\n<h3><em>(Portuguese proverb)<\/em><\/h3>\n<p><a class=\"cta\" href=\"https:\/\/www.languagepoint.eu\/en\/contatti\/\">Contact our offices &gt;<\/a>[\/vc_column_text][\/vc_column_inner][\/vc_row_inner][\/vc_column][\/vc_row][vc_row][vc_column][vc_column_text]        <div class=\"breadcrumb-container theme1\">\r\n                    <ul>\r\n                    <\/ul>\r\n            <script type=\"application\/ld+json\">\r\n        {\r\n            \"@context\": \"http:\/\/schema.org\",\r\n            \"@type\": \"BreadcrumbList\",\r\n            \"itemListElement\":\r\n            [\r\n                            ]\r\n        }\r\n    <\/script>\r\n        <style type=\"text\/css\">\r\n        .breadcrumb-container {\r\n            font-size: 13px;\r\n        }\r\n        .breadcrumb-container ul {\r\n            margin: 0;\r\n            padding: 0;\r\n        }\r\n        .breadcrumb-container li {\r\n            box-sizing: unset;\r\n            display: inline-block;\r\n            margin: 0;\r\n            padding: 0;\r\n        }\r\n        .breadcrumb-container li a {\r\n            box-sizing: unset;\r\n            padding: 0 10px;\r\n        }\r\n        .breadcrumb-container {\r\n            font-size: 14px  !important;\r\n            padding: ;\r\n            margin: ;\r\n        }\r\n        .breadcrumb-container li a{\r\n            color:    !important;\r\n            font-size:  14px  !important;\r\n            line-height:  14px  !important;\r\n        }\r\n        .breadcrumb-container li .separator {\r\n            color: #000  !important;\r\n            font-size:  14px  !important;\r\n        }\r\n                    .breadcrumb-container li:last-child .separator {\r\n                display: none;\r\n            }\r\n                <\/style>\r\n        <style type=\"text\/css\">\r\n        .breadcrumb-container.theme1 li {\r\n            margin: 0;\r\n            padding: 0;\r\n        }\r\n        .breadcrumb-container.theme1 a {\r\n            background: ;\r\n            display: inline-block;\r\n            margin: 0 5px;\r\n            padding: 5px 10px;\r\n            text-decoration: none;\r\n        }\r\n    <\/style>\r\n        <style type=\"text\/css\">\r\n        .breadcrumb-container{}\r\n.breadcrumb-container ul{\r\n\tpadding-left: 0px !important\r\n}\r\n.breadcrumb-container li {\r\n    opacity: 0.5;\r\n}\r\n.breadcrumb-container li:last-of-type {\r\n    opacity: 1;\r\n}\r\n.breadcrumb-container a{\r\n     margin: 0px !important;\r\n\t padding: 5px 5px 5px 0px !important;\r\n}\r\n.breadcrumb-container .separator{}    <\/style>\r\n    <script>\r\n            <\/script>\r\n            <\/div>\r\n        [\/vc_column_text][vc_column_text css_animation=&#8221;fadeInUp&#8221; css=&#8221;.vc_custom_1613740126853{padding-top: 30px !important;padding-bottom: 30px !important;}&#8221;]<\/p>\n<h2>Choose to attend a Portuguese course with an innovative method.<\/h2>\n<p>With Language Point\u2019s training offer, Portuguese won\u2019t be a problem anymore. You have the chance to learn the language with native and bilingual professionals, qualified and experienced.<\/p>\n<p>If you want, you can prepare for internationally recognized Exams with a fun and stimulating methodology. You can take the examinations at authorized venues.<\/p>\n<p>Every course is structured according to the age and the objectives. Choose the course tailored to your needs and start learning without effort.[\/vc_column_text][\/vc_column][\/vc_row][vc_row css_animation=&#8221;fadeInUp&#8221; el_class=&#8221;row_grid_img_alt&#8221; css=&#8221;.vc_custom_1602861941795{padding-top: 20px !important;}&#8221;][vc_column width=&#8221;1\/3&#8243; el_class=&#8221;col_grid_img_tall&#8221;][vc_column_text css=&#8221;.vc_custom_1603199163377{background-image: url(https:\/\/languagepoint.eu\/wp-content\/uploads\/2020\/10\/portoghese_corsi-di-lingua_nik-guiney-dzD67vW_93I-unsplash-scaled.jpg?id=4189) !important;background-position: center !important;background-repeat: no-repeat !important;background-size: cover !important;}&#8221;][\/vc_column_text][\/vc_column][vc_column width=&#8221;1\/3&#8243; el_class=&#8221;col_grid_img_half&#8221;][vc_column_text css=&#8221;.vc_custom_1603208367913{background-image: url(https:\/\/languagepoint.eu\/wp-content\/uploads\/2020\/10\/Corsi-di-portoghese_shutterstock_170889708111-scaled.jpg?id=4195) !important;background-position: center !important;background-repeat: no-repeat !important;background-size: cover !important;}&#8221;][\/vc_column_text][vc_column_text css=&#8221;.vc_custom_1603364742212{background-image: url(https:\/\/languagepoint.eu\/wp-content\/uploads\/2020\/10\/c0c0b3a1-istock-258866554-crop02.jpg?id=3059) !important;background-position: center !important;background-repeat: no-repeat !important;background-size: cover !important;}&#8221;][\/vc_column_text][\/vc_column][vc_column width=&#8221;1\/3&#8243; el_class=&#8221;col_text_grid_img_alt&#8221;][vc_column_text css_animation=&#8221;none&#8221;]<\/p>\n<h2>Why you will like learning Portuguese with Language Point<\/h2>\n<p>&nbsp;<\/p>\n<h4>INNOVATIVE SOLUTIONS:<\/h4>\n<p>a continuous commitment to innovation and systems to simplify work.<\/p>\n<h4>A UNIQUE INTERLOCUTOR:<\/h4>\n<p>our Managers coordinate training activities and various linguistic services, interfacing with the customer and managing, also in outsourcing, personalized work flows. An exercise constantly extended to monitoring and controlling quality.<\/p>\n<h4>QUALIFIED TEACHERS FOR ALL LANGUAGES and PROFESSIONALS:<\/h4>\n<p>with a Master\u2019s degree, teaching Qualification and area skills, constant training and expert use of management systems and Office.<\/p>\n<h4>METHODOLOGIES AND PROJECT SOLUTIONS:<\/h4>\n<p>to reduce time and costs.<\/p>\n<h4>INTERNATIONAL PARTNERSHIPS:<\/h4>\n<p>to increase the value of competence and collaboration.[\/vc_column_text][\/vc_column][\/vc_row][vc_row el_class=&#8221;row_img2_3_text&#8221; css=&#8221;.vc_custom_1601974527226{padding-top: 70px !important;}&#8221;][vc_column width=&#8221;2\/3&#8243; el_class=&#8221;col_icon_image&#8221;][vc_column_text css_animation=&#8221;fadeInUp&#8221;]<\/p>\n<h3>Infrastructures<\/h3>\n<p>[\/vc_column_text][vc_column_text css_animation=&#8221;fadeInUp&#8221;]<\/p>\n<div><img loading=\"lazy\" class=\"alignnone size-full wp-image-387\" src=\"\/wp-content\/uploads\/2020\/07\/1.png\" alt=\"\" width=\"100\" height=\"100\" \/><br \/>\nFree<br \/>\nWiFi<\/div>\n<div><img loading=\"lazy\" class=\"alignnone size-full wp-image-388\" src=\"\/wp-content\/uploads\/2020\/07\/2.png\" alt=\"\" width=\"100\" height=\"100\" \/><br \/>\nCoffee<br \/>\nmachine<\/div>\n<div><img loading=\"lazy\" class=\"alignnone wp-image-389 size-full\" src=\"\/wp-content\/uploads\/2020\/07\/3.png\" alt=\"\" width=\"100\" height=\"100\" \/><br \/>\nComputer<br \/>\naccess<\/div>\n<div><img loading=\"lazy\" class=\"alignnone wp-image-390 size-full\" src=\"\/wp-content\/uploads\/2020\/07\/4.png\" alt=\"\" width=\"100\" height=\"100\" \/><br \/>\nLibrary<\/div>\n<div><img loading=\"lazy\" class=\"alignnone wp-image-391 size-full\" src=\"\/wp-content\/uploads\/2020\/07\/5.png\" alt=\"\" width=\"100\" height=\"100\" \/><br \/>\nPark in front<br \/>\nof our Centre<\/div>\n<div><img loading=\"lazy\" class=\"alignnone size-full wp-image-388\" src=\"\/wp-content\/uploads\/2020\/07\/2.png\" alt=\"\" width=\"100\" height=\"100\" \/><br \/>\nSelf-study<br \/>\narea<\/div>\n<div><img loading=\"lazy\" class=\"alignnone wp-image-393 size-full\" src=\"\/wp-content\/uploads\/2020\/07\/7.png\" alt=\"\" width=\"100\" height=\"100\" \/><br \/>\nAccess for<br \/>\ndisabled people<\/div>\n<p>[\/vc_column_text][\/vc_column][vc_column width=&#8221;1\/3&#8243; css=&#8221;.vc_custom_1601974755896{background-position: center !important;background-repeat: no-repeat !important;background-size: cover !important;}&#8221;][vc_column_text css_animation=&#8221;fadeInUp&#8221; el_class=&#8221;big_cta_text&#8221; css=&#8221;.vc_custom_1612462750918{background-image: url(https:\/\/languagepoint.eu\/wp-content\/uploads\/2020\/09\/corsi-di-inglese-La-nostra-ottima-posizione_jake-davies-LPEhUaiNV1o-unsplash.jpg?id=2110) !important;background-position: center !important;background-repeat: no-repeat !important;background-size: cover !important;}&#8221;]<\/p>\n<h2><a href=\"https:\/\/www.google.it\/maps\/place\/Language+Point\/@45.48366,9.2170313,17z\/data=!3m1!4b1!4m5!3m4!1s0x4786c6ef52e3827f:0xe0483a0ab6499138!8m2!3d45.48366!4d9.21922\">Discover our great location<\/a><\/h2>\n<p>[\/vc_column_text][\/vc_column][\/vc_row][vc_row css=&#8221;.vc_custom_1594105274853{padding-top: 20px !important;}&#8221;][vc_column][vc_column_text css_animation=&#8221;fadeInUp&#8221;]<\/p>\n<h2>Portuguese courses<\/h2>\n<h3><em>Quem conta um conto, acrescenta um ponto. <\/em><em>(Portuguese proverb)<\/em><\/h3>\n<p>Portuguese is a Latin language spoken by over 360 million people around the world.<\/p>\n<p>Portuguese is spoken on all continents and is gradually acquiring greater importance given the constant economic growth of the various countries linked to this language, especially Brazil. Furthermore, Portuguese is in great demand in tourism, international trade and research: nevertheless, there are few Italians who speak it and knowing it will make a difference on your professional profile. Knowing Portuguese will also allow you to learn more about Portuguese and Brazilian traditions and culture.<\/p>\n<p>Our Portuguese courses, in-house or distance, prepare you to reach all levels of language knowledge with highly qualified mother tongue or bilingual teachers.<\/p>\n<p><a href=\"https:\/\/languagepoint.eu\/en\/contatti\/\">Contact us for more information<\/a>\u00a0&gt;[\/vc_column_text][\/vc_column][\/vc_row][vc_row css=&#8221;.vc_custom_1594105274853{padding-top: 20px !important;}&#8221;][vc_column width=&#8221;1\/3&#8243;][vc_single_image image=&#8221;2841&#8243; img_size=&#8221;600&#215;490&#8243;][vc_column_text]<\/p>\n<h4>Individual courses<\/h4>\n<h6><a href=\"https:\/\/languagepoint.eu\/en\/contatti\/\">Discover &gt;<\/a><\/h6>\n<p>[\/vc_column_text][\/vc_column][vc_column width=&#8221;1\/3&#8243;][vc_single_image image=&#8221;4264&#8243; img_size=&#8221;600&#215;490&#8243;][vc_column_text]<\/p>\n<h4>Group courses<\/h4>\n<h6><a href=\"https:\/\/languagepoint.eu\/en\/contatti\/\">Discover &gt;<\/a><\/h6>\n<p>[\/vc_column_text][\/vc_column][vc_column width=&#8221;1\/3&#8243;][vc_single_image image=&#8221;4260&#8243; img_size=&#8221;600&#215;490&#8243;][vc_column_text]<\/p>\n<h4>Blended courses<\/h4>\n<h6><a href=\"https:\/\/languagepoint.eu\/en\/contatti\/\">Discover &gt;<\/a><\/h6>\n<p>[\/vc_column_text][\/vc_column][\/vc_row][vc_row css=&#8221;.vc_custom_1594105274853{padding-top: 20px !important;}&#8221;][vc_column][\/vc_column][\/vc_row][vc_row el_class=&#8221;row_bk_lx_img_grid_text_orange row_left_1_3 fix_height_match&#8221;][vc_column el_class=&#8221;block_1 block_altre_lingue&#8221;][vc_single_image image=&#8221;3314&#8243; img_size=&#8221;1720&#215;570&#8243; el_class=&#8221;image&#8221;][vc_column_text css_animation=&#8221;none&#8221; css=&#8221;.vc_custom_1612463050529{padding-top: 30px !important;padding-bottom: 30px !important;}&#8221; el_class=&#8221;caption&#8221;]<\/p>\n<h2>Four good reasons to learn Portuguese<\/h2>\n<ul>\n<li>\n<h5>It is present and spoken on all continents;<\/h5>\n<\/li>\n<li>\n<h5>Portuguese is spoken by few Italians, so knowing it will make the difference on your CV;<\/h5>\n<\/li>\n<li>\n<h5>Exchanges between Brazil and European countries are increasingly intense;<\/h5>\n<\/li>\n<li>\n<h5>It is a language required in many business sectors (tourism, international trade, research, etc.).<\/h5>\n<\/li>\n<\/ul>\n<p>[\/vc_column_text][\/vc_column][\/vc_row][vc_row][vc_column][vc_column_text css_animation=&#8221;fadeInUp&#8221; css=&#8221;.vc_custom_1613740238776{padding-top: 30px !important;padding-bottom: 0px !important;}&#8221;]<\/p>\n<h3>Certify Portuguese<\/h3>\n<p>To certify Portuguese, there are some examinations available offered by Centro de avalia\u00e7\u00e3o do portugu\u00eas l\u00edngua estrangeira (CAPLE), that is based in Lisbon at the Faculdade de Letras de Lisboa. These are: ACESSO A1, CIPLE A2, DEPLE B1, DIPLE B2, DAPLE C1 and DUPLE C2.<\/p>\n<p>It is possible to take these exams at authorized venues.<\/p>\n<p>Language Point prepares students to successfully obtain Portuguese language certifications.<\/p>\n<p><a href=\"https:\/\/languagepoint.eu\/en\/contatti\/\">Contact us for more information<\/a>\u00a0&gt;[\/vc_column_text][\/vc_column][\/vc_row][vc_row][vc_column][vc_column_text css_animation=&#8221;none&#8221;]<\/p>\n<h2><strong>Language Point news, promotions, events<\/strong><\/h2>\n<p><strong>Stay up to date with our news and promotions. Follow us also on social networks.<\/strong>[\/vc_column_text][vc_basic_grid post_type=&#8221;post&#8221; max_items=&#8221;4&#8243; element_width=&#8221;3&#8243; initial_loading_animation=&#8221;fadeInUp&#8221; grid_id=&#8221;vc_gid:1613740076892-b4b9c69f-aff7-6&#8243;][\/vc_column][\/vc_row]<\/p>\n","protected":false},"excerpt":{"rendered":"<p>[vc_row full_width=&#8221;stretch_row&#8221; css_animation=&#8221;none&#8221; css=&#8221;.vc_custom_1590338110643{background-position: center !important;background-repeat: no-repeat !important;background-size: cover !important;}&#8221; el_class=&#8221;main-row main_hero_row&#8221;][vc_column parallax=&#8221;content-moving-fade&#8221; parallax_image=&#8221;4255&#8243; css_animation=&#8221;none&#8221; css=&#8221;.vc_custom_1610107169220{background-color: rgba(0,0,0,0.31) !important;background-position: center !important;background-repeat: no-repeat !important;background-size: cover !important;*background-color: rgb(0,0,0) !important;}&#8221; el_class=&#8221;wrap-image&#8221;][\/vc_column][\/vc_row][vc_row][vc_column][vc_row_inner][vc_column_inner el_class=&#8221;main_hero_content white_here_content&#8221;][vc_column_text] Portuguese [&hellip;]<\/p>\n","protected":false},"author":1,"featured_media":0,"parent":6969,"menu_order":0,"comment_status":"closed","ping_status":"closed","template":"pagina-corsi.php","meta":[],"yoast_head":"<!-- This site is optimized with the Yoast SEO plugin v15.3 - https:\/\/yoast.com\/wordpress\/plugins\/seo\/ -->\n<title>European Languages Courses - Portuguese | Language Point, Milan<\/title>\n<meta name=\"description\" content=\"Discover Language Point&#039;s Portuguese courses: learn the language, prepare for a certification exam and increase your opportunities.\" \/>\n<meta name=\"robots\" content=\"index, follow, max-snippet:-1, max-image-preview:large, max-video-preview:-1\" \/>\n<link rel=\"canonical\" href=\"https:\/\/www.languagepoint.eu\/en\/language-courses\/portuguese-courses\/\" \/>\n<meta property=\"og:locale\" content=\"en_US\" \/>\n<meta property=\"og:type\" content=\"article\" \/>\n<meta property=\"og:title\" content=\"European Languages Courses - Portuguese | Language Point, Milan\" \/>\n<meta property=\"og:description\" content=\"Discover Language Point&#039;s Portuguese courses: learn the language, prepare for a certification exam and increase your opportunities.\" \/>\n<meta property=\"og:url\" content=\"https:\/\/www.languagepoint.eu\/en\/language-courses\/portuguese-courses\/\" \/>\n<meta property=\"og:site_name\" content=\"Language Point\" \/>\n<meta property=\"article:publisher\" content=\"https:\/\/www.facebook.com\/Language.Point\" \/>\n<meta property=\"article:modified_time\" content=\"2021-03-26T16:27:18+00:00\" \/>\n<meta property=\"og:image\" content=\"https:\/\/www.languagepoint.eu\/wp-content\/uploads\/2020\/07\/1.png\" \/>\n<meta name=\"twitter:card\" content=\"summary_large_image\" \/>\n<meta name=\"twitter:label1\" content=\"Written by\">\n\t<meta name=\"twitter:data1\" content=\"Alvise\">\n\t<meta name=\"twitter:label2\" content=\"Est. reading time\">\n\t<meta name=\"twitter:data2\" content=\"5 minutes\">\n<script type=\"application\/ld+json\" class=\"yoast-schema-graph\">{\"@context\":\"https:\/\/schema.org\",\"@graph\":[{\"@type\":\"WebSite\",\"@id\":\"https:\/\/www.languagepoint.eu\/#website\",\"url\":\"https:\/\/www.languagepoint.eu\/\",\"name\":\"Language Point\",\"description\":\"Language Point offre servizi di qualit\\u00e0 nei settori dell&#039;insegnamento delle lingue, della formazione insegnanti, della traduzione e interpretariato.\",\"potentialAction\":[{\"@type\":\"SearchAction\",\"target\":\"https:\/\/www.languagepoint.eu\/?s={search_term_string}\",\"query-input\":\"required name=search_term_string\"}],\"inLanguage\":\"en-US\"},{\"@type\":\"ImageObject\",\"@id\":\"https:\/\/www.languagepoint.eu\/en\/language-courses\/portuguese-courses\/#primaryimage\",\"inLanguage\":\"en-US\",\"url\":\"\/wp-content\/uploads\/2020\/07\/1.png\"},{\"@type\":\"WebPage\",\"@id\":\"https:\/\/www.languagepoint.eu\/en\/language-courses\/portuguese-courses\/#webpage\",\"url\":\"https:\/\/www.languagepoint.eu\/en\/language-courses\/portuguese-courses\/\",\"name\":\"European Languages Courses - Portuguese | Language Point, Milan\",\"isPartOf\":{\"@id\":\"https:\/\/www.languagepoint.eu\/#website\"},\"primaryImageOfPage\":{\"@id\":\"https:\/\/www.languagepoint.eu\/en\/language-courses\/portuguese-courses\/#primaryimage\"},\"datePublished\":\"2021-02-04T18:16:00+00:00\",\"dateModified\":\"2021-03-26T16:27:18+00:00\",\"description\":\"Discover Language Point's Portuguese courses: learn the language, prepare for a certification exam and increase your opportunities.\",\"inLanguage\":\"en-US\",\"potentialAction\":[{\"@type\":\"ReadAction\",\"target\":[\"https:\/\/www.languagepoint.eu\/en\/language-courses\/portuguese-courses\/\"]}]}]}<\/script>\n<!-- \/ Yoast SEO plugin. -->","_links":{"self":[{"href":"https:\/\/www.languagepoint.eu\/en\/wp-json\/wp\/v2\/pages\/6787\/"}],"collection":[{"href":"https:\/\/www.languagepoint.eu\/en\/wp-json\/wp\/v2\/pages\/"}],"about":[{"href":"https:\/\/www.languagepoint.eu\/en\/wp-json\/wp\/v2\/types\/page\/"}],"author":[{"embeddable":true,"href":"https:\/\/www.languagepoint.eu\/en\/wp-json\/wp\/v2\/users\/1\/"}],"replies":[{"embeddable":true,"href":"https:\/\/www.languagepoint.eu\/en\/wp-json\/wp\/v2\/comments\/?post=6787"}],"version-history":[{"count":8,"href":"https:\/\/www.languagepoint.eu\/en\/wp-json\/wp\/v2\/pages\/6787\/revisions\/"}],"predecessor-version":[{"id":7035,"href":"https:\/\/www.languagepoint.eu\/en\/wp-json\/wp\/v2\/pages\/6787\/revisions\/7035\/"}],"up":[{"embeddable":true,"href":"https:\/\/www.languagepoint.eu\/en\/wp-json\/wp\/v2\/pages\/6969\/"}],"wp:attachment":[{"href":"https:\/\/www.languagepoint.eu\/en\/wp-json\/wp\/v2\/media\/?parent=6787"}],"curies":[{"name":"wp","href":"https:\/\/api.w.org\/{rel}","templated":true}]}}