{"id":6796,"date":"2021-02-04T19:43:08","date_gmt":"2021-02-04T18:43:08","guid":{"rendered":"https:\/\/www.languagepoint.eu\/?page_id=6796"},"modified":"2021-03-26T17:13:46","modified_gmt":"2021-03-26T16:13:46","slug":"spanish-courses","status":"publish","type":"page","link":"https:\/\/www.languagepoint.eu\/en\/spanish-courses\/","title":{"rendered":"Spanish Courses"},"content":{"rendered":"<p>[vc_row full_width=&#8221;stretch_row&#8221; css_animation=&#8221;none&#8221; css=&#8221;.vc_custom_1590338110643{background-position: center !important;background-repeat: no-repeat !important;background-size: cover !important;}&#8221; el_class=&#8221;main-row main_hero_row&#8221;][vc_column parallax=&#8221;content-moving-fade&#8221; parallax_image=&#8221;4299&#8243; css_animation=&#8221;none&#8221; css=&#8221;.vc_custom_1610107114268{background-color: rgba(0,0,0,0.29) !important;background-position: center !important;background-repeat: no-repeat !important;background-size: cover !important;*background-color: rgb(0,0,0) !important;}&#8221; el_class=&#8221;wrap-image&#8221;][\/vc_column][\/vc_row][vc_row][vc_column][vc_row_inner][vc_column_inner el_class=&#8221;main_hero_content white_here_content&#8221;][vc_column_text]<\/p>\n<h1>Spanish courses<\/h1>\n<h3><em>\u00bfQuieres hablar espa\u00f1ol?<\/em><\/h3>\n<p><a class=\"cta\" href=\"https:\/\/www.languagepoint.eu\/en\/contatti\/\">Contact our offices &gt;<\/a>[\/vc_column_text][\/vc_column_inner][\/vc_row_inner][\/vc_column][\/vc_row][vc_row][vc_column][vc_column_text]        <div class=\"breadcrumb-container theme1\">\r\n                    <ul>\r\n                    <\/ul>\r\n            <script type=\"application\/ld+json\">\r\n        {\r\n            \"@context\": \"http:\/\/schema.org\",\r\n            \"@type\": \"BreadcrumbList\",\r\n            \"itemListElement\":\r\n            [\r\n                            ]\r\n        }\r\n    <\/script>\r\n        <style type=\"text\/css\">\r\n        .breadcrumb-container {\r\n            font-size: 13px;\r\n        }\r\n        .breadcrumb-container ul {\r\n            margin: 0;\r\n            padding: 0;\r\n        }\r\n        .breadcrumb-container li {\r\n            box-sizing: unset;\r\n            display: inline-block;\r\n            margin: 0;\r\n            padding: 0;\r\n        }\r\n        .breadcrumb-container li a {\r\n            box-sizing: unset;\r\n            padding: 0 10px;\r\n        }\r\n        .breadcrumb-container {\r\n            font-size: 14px  !important;\r\n            padding: ;\r\n            margin: ;\r\n        }\r\n        .breadcrumb-container li a{\r\n            color:    !important;\r\n            font-size:  14px  !important;\r\n            line-height:  14px  !important;\r\n        }\r\n        .breadcrumb-container li .separator {\r\n            color: #000  !important;\r\n            font-size:  14px  !important;\r\n        }\r\n                    .breadcrumb-container li:last-child .separator {\r\n                display: none;\r\n            }\r\n                <\/style>\r\n        <style type=\"text\/css\">\r\n        .breadcrumb-container.theme1 li {\r\n            margin: 0;\r\n            padding: 0;\r\n        }\r\n        .breadcrumb-container.theme1 a {\r\n            background: ;\r\n            display: inline-block;\r\n            margin: 0 5px;\r\n            padding: 5px 10px;\r\n            text-decoration: none;\r\n        }\r\n    <\/style>\r\n        <style type=\"text\/css\">\r\n        .breadcrumb-container{}\r\n.breadcrumb-container ul{\r\n\tpadding-left: 0px !important\r\n}\r\n.breadcrumb-container li {\r\n    opacity: 0.5;\r\n}\r\n.breadcrumb-container li:last-of-type {\r\n    opacity: 1;\r\n}\r\n.breadcrumb-container a{\r\n     margin: 0px !important;\r\n\t padding: 5px 5px 5px 0px !important;\r\n}\r\n.breadcrumb-container .separator{}    <\/style>\r\n    <script>\r\n            <\/script>\r\n            <\/div>\r\n        [\/vc_column_text][vc_column_text css_animation=&#8221;fadeInUp&#8221; css=&#8221;.vc_custom_1612463468321{padding-top: 30px !important;padding-bottom: 30px !important;}&#8221;]<\/p>\n<h2>Choose to follow a Spanish course with an innovative method, to learn without getting bored.<\/h2>\n<p>With Language Point\u2019s training offer, Spanish won\u2019t be a problem anymore. You have the chance to learn the language with native and bilingual professionals, qualified and experienced.<\/p>\n<p>If you want, you can prepare for internationally recognized Exams with a fun and stimulating methodology. You can take the examinations at Instituto Cervantes.<\/p>\n<p>Every course is structured according to the age and the objectives. Choose the course tailored to your needs and start learning without effort.<br \/>\n[\/vc_column_text][\/vc_column][\/vc_row][vc_row css_animation=&#8221;fadeInUp&#8221; el_class=&#8221;row_grid_img_alt&#8221; css=&#8221;.vc_custom_1602863420562{padding-top: 20px !important;}&#8221;][vc_column width=&#8221;1\/3&#8243; el_class=&#8221;col_grid_img_tall&#8221;][vc_column_text css=&#8221;.vc_custom_1603530984818{background-image: url(https:\/\/languagepoint.eu\/wp-content\/uploads\/2020\/10\/corsi-di-spagnolo_victoria-whiteley-s4pqf1EvSr4-unsplash-scaled.jpg?id=4302) !important;background-position: center !important;background-repeat: no-repeat !important;background-size: cover !important;}&#8221;][\/vc_column_text][\/vc_column][vc_column width=&#8221;1\/3&#8243; el_class=&#8221;col_grid_img_half&#8221;][vc_column_text css=&#8221;.vc_custom_1601974303037{background-image: url(https:\/\/languagepoint.eu\/wp-content\/uploads\/2020\/10\/pexels-photo-3182759.jpeg?id=3192) !important;background-position: center !important;background-repeat: no-repeat !important;background-size: cover !important;}&#8221;][\/vc_column_text][vc_column_text css=&#8221;.vc_custom_1603449546668{background-image: url(https:\/\/languagepoint.eu\/wp-content\/uploads\/2020\/10\/Corsi-di-spagnolo_Cadiz_vidar-nordli-mathisen-mgr5Oc4Bh0s-unsplash-scaled.jpg?id=4278) !important;background-position: center !important;background-repeat: no-repeat !important;background-size: cover !important;}&#8221;][\/vc_column_text][\/vc_column][vc_column width=&#8221;1\/3&#8243; el_class=&#8221;col_text_grid_img_alt&#8221;][vc_column_text css_animation=&#8221;none&#8221;]<\/p>\n<h2>Why you will like learning Spanish with Language Point<\/h2>\n<p>&nbsp;<\/p>\n<h4>INNOVATIVE SOLUTIONS:<\/h4>\n<p>a continuous commitment to innovation and systems to simplify work.<\/p>\n<h4>A UNIQUE INTERLOCUTOR:<\/h4>\n<p>our Managers coordinate training activities and various linguistic services, interfacing with the customer and managing, also in outsourcing, personalized work flows. An exercise constantly extended to monitoring and controlling quality.<\/p>\n<h4>QUALIFIED TEACHERS FOR ALL LANGUAGES and PROFESSIONALS:<\/h4>\n<p>with a Master\u2019s degree, teaching Qualification and area skills, constant training and expert use of management systems and Office.<\/p>\n<h4>METHODOLOGIES AND PROJECT SOLUTIONS:<\/h4>\n<p>to reduce time and costs.<\/p>\n<h4>INTERNATIONAL PARTNERSHIPS:<\/h4>\n<p>to increase the value of competence and collaboration.[\/vc_column_text][\/vc_column][\/vc_row][vc_row el_class=&#8221;row_img2_3_text&#8221; css=&#8221;.vc_custom_1601974527226{padding-top: 70px !important;}&#8221;][vc_column width=&#8221;2\/3&#8243; el_class=&#8221;col_icon_image&#8221;][vc_column_text css_animation=&#8221;fadeInUp&#8221;]<\/p>\n<h3>Infrastructures<\/h3>\n<p>[\/vc_column_text][vc_column_text css_animation=&#8221;fadeInUp&#8221;]<\/p>\n<div><img loading=\"lazy\" class=\"alignnone size-full wp-image-387\" src=\"\/wp-content\/uploads\/2020\/07\/1.png\" alt=\"\" width=\"100\" height=\"100\" \/><br \/>\nFree<br \/>\nWi-fi<\/div>\n<div><img loading=\"lazy\" class=\"alignnone size-full wp-image-388\" src=\"\/wp-content\/uploads\/2020\/07\/2.png\" alt=\"\" width=\"100\" height=\"100\" \/><br \/>\nCoffee<br \/>\nmachine<\/div>\n<div><img loading=\"lazy\" class=\"alignnone wp-image-389 size-full\" src=\"\/wp-content\/uploads\/2020\/07\/3.png\" alt=\"\" width=\"100\" height=\"100\" \/><br \/>\nComputer<br \/>\naccess<\/div>\n<div><img loading=\"lazy\" class=\"alignnone wp-image-390 size-full\" src=\"\/wp-content\/uploads\/2020\/07\/4.png\" alt=\"\" width=\"100\" height=\"100\" \/><br \/>\nLibrary<\/div>\n<div><img loading=\"lazy\" class=\"alignnone wp-image-391 size-full\" src=\"\/wp-content\/uploads\/2020\/07\/5.png\" alt=\"\" width=\"100\" height=\"100\" \/><br \/>\nPark in front<br \/>\nof our Centre<\/div>\n<div><img loading=\"lazy\" class=\"alignnone size-full wp-image-388\" src=\"\/wp-content\/uploads\/2020\/07\/2.png\" alt=\"\" width=\"100\" height=\"100\" \/><br \/>\nSelf-study<br \/>\narea<\/div>\n<div><img loading=\"lazy\" class=\"alignnone wp-image-393 size-full\" src=\"\/wp-content\/uploads\/2020\/07\/7.png\" alt=\"\" width=\"100\" height=\"100\" \/><br \/>\nAccess for<br \/>\ndisabled people<\/div>\n<p>[\/vc_column_text][\/vc_column][vc_column width=&#8221;1\/3&#8243; css=&#8221;.vc_custom_1601974755896{background-position: center !important;background-repeat: no-repeat !important;background-size: cover !important;}&#8221;][vc_column_text css_animation=&#8221;fadeInUp&#8221; el_class=&#8221;big_cta_text&#8221; css=&#8221;.vc_custom_1612463574828{background-image: url(https:\/\/languagepoint.eu\/wp-content\/uploads\/2020\/09\/corsi-di-inglese-La-nostra-ottima-posizione_jake-davies-LPEhUaiNV1o-unsplash.jpg?id=2110) !important;background-position: center !important;background-repeat: no-repeat !important;background-size: cover !important;}&#8221;]<\/p>\n<h2><a href=\"https:\/\/www.google.it\/maps\/place\/Language+Point\/@45.48366,9.2170313,17z\/data=!3m1!4b1!4m5!3m4!1s0x4786c6ef52e3827f:0xe0483a0ab6499138!8m2!3d45.48366!4d9.21922\">Discover our great location<\/a><\/h2>\n<p>[\/vc_column_text][\/vc_column][\/vc_row][vc_row css=&#8221;.vc_custom_1594105274853{padding-top: 20px !important;}&#8221;][vc_column][vc_column_text css_animation=&#8221;fadeInUp&#8221;]<\/p>\n<h2>Spanish courses<\/h2>\n<h3><em>\u00bfQuieres hablar espa\u00f1ol? <\/em><\/h3>\n<p>Spanish, or Castilian, is a Romance language. According to a recent research of Ethnologue, Spanish is the fourth most spoken language in the world, with 570 million speakers.<\/p>\n<p>It is the official language of 21 Countries (Spain, Cuba, Porto Rico, Dominican Republic, Mexico, Guatemala, Belize, El Salvador, Honduras, Nicaragua, Costa Rica, Panama, Colombia, Venezuela, Uruguay, Paraguay, Argentina, Chile, Bolivia, Peru, Ecuador). In the US, more than 35 million people speak Spanish.<\/p>\n<p>Considered a major language in international affairs and politics, Spanish is one of the official Languages in EU, MERCOSUR, UNESCO, UNO, GATT, I.T.U. and UNIDO.<br \/>\nThe demand to learn Spanish has more than doubled in recent years and it is assumed that by 2050 there will be 754 million Spanish speakers worldwide.<br \/>\nCurrently, those in the world who study Spanish exceed the figure of 21 million, even though these numbers do not take private institutions into consideration, but only data collected by Istituto Cervantes venues all over the world. For this reason, it is estimated that the number is even 25% higher.<\/p>\n<p>Getting in touch with the Spanish culture and traditions is really exciting: discover and read in the original version the world of Cervantes, de la Vega, Lorca, admire Bequer, Picasso, Velasquez, learn to appreciate even better the films of the great Spanish directors such as Saura, Almodovar and Medem&#8230; there are a number of opportunities for personal growth and development.<br \/>\nThe passion for the Spanish world is contagious and, once you begin to discover its language and culture, you won&#8217;t leave it.<br \/>\nOur Spanish courses, in-house or distance, prepare you to reach all levels of language knowledge with highly qualified mother tongue or bilingual teachers.<\/p>\n<p><a href=\"https:\/\/languagepoint.eu\/en\/contatti\/\">Contact us for more information<\/a> &gt; or <a href=\"https:\/\/languagepoint.netlanguages.com\/en\/spanish-courses-online\/index.php\">discover our Spanish courses online &gt;<\/a>[\/vc_column_text][\/vc_column][\/vc_row][vc_row css=&#8221;.vc_custom_1594105274853{padding-top: 20px !important;}&#8221;][vc_column width=&#8221;1\/3&#8243;][vc_single_image image=&#8221;4292&#8243; img_size=&#8221;600&#215;490&#8243;][vc_column_text]<\/p>\n<h4>Individual courses<\/h4>\n<h6><a href=\"https:\/\/languagepoint.eu\/en\/contatti\/\">Discover &gt;<\/a><\/h6>\n<p>[\/vc_column_text][\/vc_column][vc_column width=&#8221;1\/3&#8243;][vc_single_image image=&#8221;4287&#8243; img_size=&#8221;600&#215;490&#8243;][vc_column_text]<\/p>\n<h4>Group courses<\/h4>\n<h6><a href=\"https:\/\/languagepoint.eu\/en\/contatti\/\">Discover &gt;<\/a><\/h6>\n<p>[\/vc_column_text][\/vc_column][vc_column width=&#8221;1\/3&#8243;][vc_single_image image=&#8221;2871&#8243; img_size=&#8221;600&#215;490&#8243;][vc_column_text]<\/p>\n<h4>Online and blended paths<\/h4>\n<h6><a href=\"https:\/\/languagepoint.eu\/en\/contatti\/\">Discover &gt;<\/a><\/h6>\n<p>[\/vc_column_text][\/vc_column][\/vc_row][vc_row css=&#8221;.vc_custom_1594105274853{padding-top: 20px !important;}&#8221;][vc_column][\/vc_column][\/vc_row][vc_row el_class=&#8221;row_bk_lx_img_grid_text_orange row_left_1_3 fix_height_match&#8221;][vc_column el_class=&#8221;block_1 block_altre_lingue&#8221;][vc_single_image image=&#8221;4317&#8243; img_size=&#8221;1720&#215;570&#8243; el_class=&#8221;image&#8221;][vc_column_text css_animation=&#8221;none&#8221; css=&#8221;.vc_custom_1613738447304{padding-top: 30px !important;padding-bottom: 30px !important;}&#8221; el_class=&#8221;caption&#8221;]<\/p>\n<h2>Five good reasons to learn Spanish<\/h2>\n<ul>\n<li>\n<h5>It is the fourth most spoken language in the world, after English, Mandarin Chinese and Hindi;<\/h5>\n<\/li>\n<li>\n<h5>It is also the mother tongue of 7% of the world&#8217;s population;<\/h5>\n<\/li>\n<li>\n<h5>It is easier for an Italian student to learn Spanish, since it is another Latin language, with a grammatical structure similar to Italian: these languages shares many particular words, idioms and expressions, especially with the Italian dialects spoken in the southern regions;<\/h5>\n<\/li>\n<li>\n<h5>It is the second language in the world used in social networks;<\/h5>\n<\/li>\n<li>\n<h5>It is among the languages \u200b\u200bof greatest culture, with an ever-increasing influence. Being able to read El Quijote by Miguel Cervantes in the original language, or the works of Allende, Federico Garc\u00eda Lorca, Borges, Benito P\u00e9rez Gald\u00f3s, Juan Ram\u00f3n Jim\u00e9nez, Gustavo Adolfo B\u00e9cquer, Lope de Vega, Miguel de Unamuno, Antonio Machado, Francisco de Quevedo, Gabriel Garc\u00eda M\u00e1rquez, or Vazquez-Montalb\u00e1n is priceless!<\/h5>\n<\/li>\n<\/ul>\n<p>[\/vc_column_text][\/vc_column][\/vc_row][vc_row][vc_column][vc_column_text css_animation=&#8221;fadeInUp&#8221; css=&#8221;.vc_custom_1612463989761{padding-top: 30px !important;padding-bottom: 0px !important;}&#8221;]<\/p>\n<h3>Certify Spanish<\/h3>\n<p>As with other European languages, it is possible to certify your level of competence in Spanish through examinations.<\/p>\n<p>The most renowned is DELE (Diplomas de Espa\u00f1ol como Lengua Extranjera), launched in 1988 and offered for all of the six <a href=\"https:\/\/www.languagepoint.eu\/en\/exams-and-certifications\/qcer-or-cefr\/\"><u>CEFR<\/u><\/a> levels. These are the only qualifications issued by the Spanish Ministry of Education of an international character, and are recognized by private companies and for public and private teaching all over the world. DELE exams are regulated by Instituto Cervantes on behalf of the Spanish Ministry of Education, Culture and Sport.<\/p>\n<p>DELE exams dates are the same all over the world and it is possible to take the exam in Authorized venues.<br \/>\nLanguage Point prepares students to successfully obtain Spanish language certifications.<\/p>\n<p><a href=\"https:\/\/languagepoint.eu\/en\/contatti\/\">Contact us for more information<\/a>\u00a0&gt;[\/vc_column_text][\/vc_column][\/vc_row][vc_row][vc_column][vc_column_text css_animation=&#8221;none&#8221;]<\/p>\n<h2><strong>Language Point news, promotions, events<\/strong><\/h2>\n<p><strong> Stay up to date with our news and promotions. Follow us also on social networks.<\/strong>[\/vc_column_text][vc_basic_grid post_type=&#8221;post&#8221; max_items=&#8221;4&#8243; element_width=&#8221;3&#8243; initial_loading_animation=&#8221;fadeInUp&#8221; grid_id=&#8221;vc_gid:1613738306958-a61beae7-29d5-6&#8243;][\/vc_column][\/vc_row]<\/p>\n","protected":false},"excerpt":{"rendered":"<p>[vc_row full_width=&#8221;stretch_row&#8221; css_animation=&#8221;none&#8221; css=&#8221;.vc_custom_1590338110643{background-position: center !important;background-repeat: no-repeat !important;background-size: cover !important;}&#8221; el_class=&#8221;main-row main_hero_row&#8221;][vc_column parallax=&#8221;content-moving-fade&#8221; parallax_image=&#8221;4299&#8243; css_animation=&#8221;none&#8221; css=&#8221;.vc_custom_1610107114268{background-color: rgba(0,0,0,0.29) !important;background-position: center !important;background-repeat: no-repeat !important;background-size: cover !important;*background-color: rgb(0,0,0) !important;}&#8221; el_class=&#8221;wrap-image&#8221;][\/vc_column][\/vc_row][vc_row][vc_column][vc_row_inner][vc_column_inner el_class=&#8221;main_hero_content white_here_content&#8221;][vc_column_text] Spanish [&hellip;]<\/p>\n","protected":false},"author":1,"featured_media":0,"parent":0,"menu_order":0,"comment_status":"closed","ping_status":"closed","template":"pagina-corsi.php","meta":[],"yoast_head":"<!-- This site is optimized with the Yoast SEO plugin v15.3 - https:\/\/yoast.com\/wordpress\/plugins\/seo\/ -->\n<title>European Languages Courses - Spanish | Language Point, Milan<\/title>\n<meta name=\"description\" content=\"Learn Spanish with Language Point&#039;s qualified, expert and mother tongue or bilingual teachers. Courses for all ages and levels.\" \/>\n<meta name=\"robots\" content=\"index, follow, max-snippet:-1, max-image-preview:large, max-video-preview:-1\" \/>\n<link rel=\"canonical\" href=\"https:\/\/www.languagepoint.eu\/en\/spanish-courses\/\" \/>\n<meta property=\"og:locale\" content=\"en_US\" \/>\n<meta property=\"og:type\" content=\"article\" \/>\n<meta property=\"og:title\" content=\"European Languages Courses - Spanish | Language Point, Milan\" \/>\n<meta property=\"og:description\" content=\"Learn Spanish with Language Point&#039;s qualified, expert and mother tongue or bilingual teachers. Courses for all ages and levels.\" \/>\n<meta property=\"og:url\" content=\"https:\/\/www.languagepoint.eu\/en\/spanish-courses\/\" \/>\n<meta property=\"og:site_name\" content=\"Language Point\" \/>\n<meta property=\"article:publisher\" content=\"https:\/\/www.facebook.com\/Language.Point\" \/>\n<meta property=\"article:modified_time\" content=\"2021-03-26T16:13:46+00:00\" \/>\n<meta property=\"og:image\" content=\"https:\/\/www.languagepoint.eu\/wp-content\/uploads\/2020\/07\/1.png\" \/>\n<meta name=\"twitter:card\" content=\"summary_large_image\" \/>\n<meta name=\"twitter:label1\" content=\"Written by\">\n\t<meta name=\"twitter:data1\" content=\"Alvise\">\n\t<meta name=\"twitter:label2\" content=\"Est. reading time\">\n\t<meta name=\"twitter:data2\" content=\"6 minutes\">\n<script type=\"application\/ld+json\" class=\"yoast-schema-graph\">{\"@context\":\"https:\/\/schema.org\",\"@graph\":[{\"@type\":\"WebSite\",\"@id\":\"https:\/\/www.languagepoint.eu\/#website\",\"url\":\"https:\/\/www.languagepoint.eu\/\",\"name\":\"Language Point\",\"description\":\"Language Point offre servizi di qualit\\u00e0 nei settori dell&#039;insegnamento delle lingue, della formazione insegnanti, della traduzione e interpretariato.\",\"potentialAction\":[{\"@type\":\"SearchAction\",\"target\":\"https:\/\/www.languagepoint.eu\/?s={search_term_string}\",\"query-input\":\"required name=search_term_string\"}],\"inLanguage\":\"en-US\"},{\"@type\":\"ImageObject\",\"@id\":\"https:\/\/www.languagepoint.eu\/en\/spanish-courses\/#primaryimage\",\"inLanguage\":\"en-US\",\"url\":\"\/wp-content\/uploads\/2020\/07\/1.png\"},{\"@type\":\"WebPage\",\"@id\":\"https:\/\/www.languagepoint.eu\/en\/spanish-courses\/#webpage\",\"url\":\"https:\/\/www.languagepoint.eu\/en\/spanish-courses\/\",\"name\":\"European Languages Courses - Spanish | Language Point, Milan\",\"isPartOf\":{\"@id\":\"https:\/\/www.languagepoint.eu\/#website\"},\"primaryImageOfPage\":{\"@id\":\"https:\/\/www.languagepoint.eu\/en\/spanish-courses\/#primaryimage\"},\"datePublished\":\"2021-02-04T18:43:08+00:00\",\"dateModified\":\"2021-03-26T16:13:46+00:00\",\"description\":\"Learn Spanish with Language Point's qualified, expert and mother tongue or bilingual teachers. Courses for all ages and levels.\",\"inLanguage\":\"en-US\",\"potentialAction\":[{\"@type\":\"ReadAction\",\"target\":[\"https:\/\/www.languagepoint.eu\/en\/spanish-courses\/\"]}]}]}<\/script>\n<!-- \/ Yoast SEO plugin. -->","_links":{"self":[{"href":"https:\/\/www.languagepoint.eu\/en\/wp-json\/wp\/v2\/pages\/6796\/"}],"collection":[{"href":"https:\/\/www.languagepoint.eu\/en\/wp-json\/wp\/v2\/pages\/"}],"about":[{"href":"https:\/\/www.languagepoint.eu\/en\/wp-json\/wp\/v2\/types\/page\/"}],"author":[{"embeddable":true,"href":"https:\/\/www.languagepoint.eu\/en\/wp-json\/wp\/v2\/users\/1\/"}],"replies":[{"embeddable":true,"href":"https:\/\/www.languagepoint.eu\/en\/wp-json\/wp\/v2\/comments\/?post=6796"}],"version-history":[{"count":7,"href":"https:\/\/www.languagepoint.eu\/en\/wp-json\/wp\/v2\/pages\/6796\/revisions\/"}],"predecessor-version":[{"id":7032,"href":"https:\/\/www.languagepoint.eu\/en\/wp-json\/wp\/v2\/pages\/6796\/revisions\/7032\/"}],"wp:attachment":[{"href":"https:\/\/www.languagepoint.eu\/en\/wp-json\/wp\/v2\/media\/?parent=6796"}],"curies":[{"name":"wp","href":"https:\/\/api.w.org\/{rel}","templated":true}]}}