{"id":7788,"date":"2021-05-11T17:21:39","date_gmt":"2021-05-11T15:21:39","guid":{"rendered":"https:\/\/www.languagepoint.eu\/?post_type=product&#038;p=7788"},"modified":"2021-07-20T17:31:43","modified_gmt":"2021-07-20T15:31:43","slug":"celta-preliminary-interview","status":"publish","type":"product","link":"https:\/\/www.languagepoint.eu\/en\/prodotto\/celta-preliminary-interview\/","title":{"rendered":"CELTA (Certificate in Teaching English to Speakers of Other Languages)"},"content":{"rendered":"","protected":false},"excerpt":{"rendered":"<p><strong>Preliminary interview<\/strong><\/p>\n<p>Prepararsi per ottenere la certificazione per l\u2019insegnamento dell\u2019Inglese pi\u00f9 riconosciuta al mondo non \u00e8 mai stato cos\u00ec facile. Potrai avere accesso a sessioni di formazione didattica online e in presenza tenute da personale esperto e qualificato in grado di fornirti un feedback continuo e affidabile. Il corso, che si sviluppa per una durata totale di oltre 120 ore, ti consentir\u00e0 di costruire solide basi per l\u2019insegnamento della lingua inglese.<\/p>\n<p><a href=\"https:\/\/www.languagepoint.eu\/contatti\/\">Prenota subito la tua preliminary interview &gt;\u00a0<\/a><\/p>\n<p><a class=\"alt_cta_shop\" href=\"https:\/\/www.languagepoint.eu\/contatti\/\">Contattaci<\/a><\/p>\n","protected":false},"featured_media":8503,"template":"","meta":[],"yoast_head":"<!-- This site is optimized with the Yoast SEO plugin v15.3 - https:\/\/yoast.com\/wordpress\/plugins\/seo\/ -->\n<title>CELTA (Certificate in Teaching English to Speakers of Other Languages)<\/title>\n<meta name=\"description\" content=\"Prenota subito la tua &#039;preliminary interview&#039; per CELTA, la certificazione per l\u2019insegnamento dell\u2019Inglese pi\u00f9 riconosciuta al mondo.\" \/>\n<meta name=\"robots\" content=\"index, follow, max-snippet:-1, max-image-preview:large, max-video-preview:-1\" \/>\n<link rel=\"canonical\" href=\"https:\/\/www.languagepoint.eu\/en\/prodotto\/celta-preliminary-interview\/\" \/>\n<meta property=\"og:locale\" content=\"en_US\" \/>\n<meta property=\"og:type\" content=\"article\" \/>\n<meta property=\"og:title\" content=\"CELTA (Certificate in Teaching English to Speakers of Other Languages)\" \/>\n<meta property=\"og:description\" content=\"Prenota subito la tua &#039;preliminary interview&#039; per CELTA, la certificazione per l\u2019insegnamento dell\u2019Inglese pi\u00f9 riconosciuta al mondo.\" \/>\n<meta property=\"og:url\" content=\"https:\/\/www.languagepoint.eu\/en\/prodotto\/celta-preliminary-interview\/\" \/>\n<meta property=\"og:site_name\" content=\"Language Point\" \/>\n<meta property=\"article:publisher\" content=\"https:\/\/www.facebook.com\/Language.Point\" \/>\n<meta property=\"article:modified_time\" content=\"2021-07-20T15:31:43+00:00\" \/>\n<meta property=\"og:image\" content=\"https:\/\/www.languagepoint.eu\/wp-content\/uploads\/2021\/05\/celta_product_cover.jpg\" \/>\n\t<meta property=\"og:image:width\" content=\"1986\" \/>\n\t<meta property=\"og:image:height\" content=\"1324\" \/>\n<meta name=\"twitter:card\" content=\"summary_large_image\" \/>\n<meta name=\"twitter:label1\" content=\"Written by\">\n\t<meta name=\"twitter:data1\" content=\"Gianmarco Lioci\">\n<script type=\"application\/ld+json\" class=\"yoast-schema-graph\">{\"@context\":\"https:\/\/schema.org\",\"@graph\":[{\"@type\":\"WebSite\",\"@id\":\"https:\/\/www.languagepoint.eu\/#website\",\"url\":\"https:\/\/www.languagepoint.eu\/\",\"name\":\"Language Point\",\"description\":\"Language Point offre servizi di qualit\\u00e0 nei settori dell&#039;insegnamento delle lingue, della formazione insegnanti, della traduzione e interpretariato.\",\"potentialAction\":[{\"@type\":\"SearchAction\",\"target\":\"https:\/\/www.languagepoint.eu\/?s={search_term_string}\",\"query-input\":\"required name=search_term_string\"}],\"inLanguage\":\"en-US\"},{\"@type\":\"ImageObject\",\"@id\":\"https:\/\/www.languagepoint.eu\/en\/prodotto\/celta-preliminary-interview\/#primaryimage\",\"inLanguage\":\"en-US\",\"url\":\"https:\/\/www.languagepoint.eu\/wp-content\/uploads\/2021\/05\/celta_product_cover.jpg\",\"width\":1986,\"height\":1324},{\"@type\":\"WebPage\",\"@id\":\"https:\/\/www.languagepoint.eu\/en\/prodotto\/celta-preliminary-interview\/#webpage\",\"url\":\"https:\/\/www.languagepoint.eu\/en\/prodotto\/celta-preliminary-interview\/\",\"name\":\"CELTA (Certificate in Teaching English to Speakers of Other Languages)\",\"isPartOf\":{\"@id\":\"https:\/\/www.languagepoint.eu\/#website\"},\"primaryImageOfPage\":{\"@id\":\"https:\/\/www.languagepoint.eu\/en\/prodotto\/celta-preliminary-interview\/#primaryimage\"},\"datePublished\":\"2021-05-11T15:21:39+00:00\",\"dateModified\":\"2021-07-20T15:31:43+00:00\",\"description\":\"Prenota subito la tua 'preliminary interview' per CELTA, la certificazione per l\\u2019insegnamento dell\\u2019Inglese pi\\u00f9 riconosciuta al mondo.\",\"inLanguage\":\"en-US\",\"potentialAction\":[{\"@type\":\"ReadAction\",\"target\":[\"https:\/\/www.languagepoint.eu\/en\/prodotto\/celta-preliminary-interview\/\"]}]}]}<\/script>\n<!-- \/ Yoast SEO plugin. -->","_links":{"self":[{"href":"https:\/\/www.languagepoint.eu\/en\/wp-json\/wp\/v2\/product\/7788\/"}],"collection":[{"href":"https:\/\/www.languagepoint.eu\/en\/wp-json\/wp\/v2\/product\/"}],"about":[{"href":"https:\/\/www.languagepoint.eu\/en\/wp-json\/wp\/v2\/types\/product\/"}],"wp:featuredmedia":[{"embeddable":true,"href":"https:\/\/www.languagepoint.eu\/en\/wp-json\/wp\/v2\/media\/8503\/"}],"wp:attachment":[{"href":"https:\/\/www.languagepoint.eu\/en\/wp-json\/wp\/v2\/media\/?parent=7788"}],"curies":[{"name":"wp","href":"https:\/\/api.w.org\/{rel}","templated":true}]}}